{"id":2295,"date":"2021-08-04T12:05:05","date_gmt":"2021-08-04T10:05:05","guid":{"rendered":"https:\/\/dentairemutualiste71.fr\/legal-mentions\/"},"modified":"2026-05-08T16:35:26","modified_gmt":"2026-05-08T14:35:26","slug":"legal-mentions","status":"publish","type":"page","link":"https:\/\/dentairemutualiste71.fr\/en\/legal-mentions\/","title":{"rendered":"Legal mentions"},"content":{"rendered":"<p>[et_pb_section fb_built=&#8221;1&#8243; custom_padding_last_edited=&#8221;off|desktop&#8221; next_background_color=&#8221;#ffffff&#8221; admin_label=&#8221;Header&#8221; _builder_version=&#8221;4.17.4&#8243; background_color=&#8221;#edf2fb&#8221; background_image=&#8221;https:\/\/dentairemutualiste71.fr\/wp-content\/uploads\/contact4.jpg&#8221; custom_padding=&#8221;13em||13em||true|false&#8221; custom_padding_tablet=&#8221;||0vw|&#8221; bottom_divider_style=&#8221;wave&#8221; bottom_divider_height=&#8221;80%&#8221; bottom_divider_repeat=&#8221;0.6x&#8221; bottom_divider_flip=&#8221;vertical|horizontal&#8221; global_colors_info=&#8221;{}&#8221;][\/et_pb_section][et_pb_section fb_built=&#8221;1&#8243; _builder_version=&#8221;4.16&#8243; _module_preset=&#8221;default&#8221; custom_margin=&#8221;0px||0px||false|false&#8221; custom_padding=&#8221;0px||0px||false|false&#8221; global_colors_info=&#8221;{}&#8221;][et_pb_row column_structure=&#8221;1_5,3_5,1_5&#8243; _builder_version=&#8221;4.16&#8243; _module_preset=&#8221;default&#8221; custom_margin=&#8221;0px||0px||true|false&#8221; custom_padding=&#8221;0px||0px||true|false&#8221; global_colors_info=&#8221;{}&#8221;][et_pb_column type=&#8221;1_5&#8243; _builder_version=&#8221;4.16&#8243; _module_preset=&#8221;default&#8221; global_colors_info=&#8221;{}&#8221;][\/et_pb_column][et_pb_column type=&#8221;3_5&#8243; _builder_version=&#8221;4.16&#8243; _module_preset=&#8221;default&#8221; global_colors_info=&#8221;{}&#8221;][et_pb_text _builder_version=&#8221;4.16&#8243; header_font=&#8221;||||||||&#8221; header_text_align=&#8221;center&#8221; header_text_color=&#8221;#002855&#8243; header_font_size=&#8221;70px&#8221; header_letter_spacing=&#8221;1px&#8221; header_line_height=&#8221;1.2em&#8221; custom_margin=&#8221;0px||0px||true|false&#8221; custom_padding=&#8221;0px||0px||true|false&#8221; animation_style=&#8221;slide&#8221; header_font_size_tablet=&#8221;40px&#8221; header_font_size_phone=&#8221;34px&#8221; header_font_size_last_edited=&#8221;on|desktop&#8221; header_letter_spacing_tablet=&#8221;0px&#8221; header_letter_spacing_phone=&#8221;0px&#8221; header_letter_spacing_last_edited=&#8221;on|tablet&#8221; global_colors_info=&#8221;{}&#8221;]<\/p>\n<h1>Legal notice<\/h1>\n<p>[\/et_pb_text][et_pb_divider color=&#8221;#1b4965&#8243; divider_weight=&#8221;3px&#8221; _builder_version=&#8221;4.16&#8243; _module_preset=&#8221;default&#8221; width=&#8221;50%&#8221; module_alignment=&#8221;center&#8221; animation_style=&#8221;zoom&#8221; global_colors_info=&#8221;{}&#8221;][\/et_pb_divider][\/et_pb_column][et_pb_column type=&#8221;1_5&#8243; _builder_version=&#8221;4.16&#8243; _module_preset=&#8221;default&#8221; global_colors_info=&#8221;{}&#8221;][\/et_pb_column][\/et_pb_row][\/et_pb_section][et_pb_section fb_built=&#8221;1&#8243; admin_label=&#8221;Email&#8221; _builder_version=&#8221;4.16&#8243; custom_padding=&#8221;0px||150px||false|false&#8221; global_colors_info=&#8221;{}&#8221;][et_pb_row _builder_version=&#8221;4.16&#8243; _module_preset=&#8221;default&#8221; custom_margin=&#8221;0px||0px||true|false&#8221; custom_padding=&#8221;3em|3em|3em|3em|true|true&#8221; animation_style=&#8221;zoom&#8221; box_shadow_style=&#8221;preset3&#8243; global_colors_info=&#8221;{}&#8221;][et_pb_column type=&#8221;4_4&#8243; _builder_version=&#8221;4.16&#8243; _module_preset=&#8221;default&#8221; global_colors_info=&#8221;{}&#8221;][et_pb_text _builder_version=&#8221;4.16&#8243; _module_preset=&#8221;default&#8221; animation_style=&#8221;slide&#8221; global_colors_info=&#8221;{}&#8221;]<\/p>\n<h4>Site publisher<\/h4>\n<p style=\"text-align: justify;\">Mutualit\u00e9 Fran\u00e7aise Sa\u00f4ne-et-Loire<br \/>\n29 avenue Boucicaut, 71100 Chalon-sur-Sa\u00f4ne, France<br \/>\nOrganisation governed by the French Mutuality Code (Code de la mutualit\u00e9).<\/p>\n<p style=\"text-align: justify;\">This website provides information on the dental mutual health centres of Sa\u00f4ne-et-Loire, their operations, opening hours, teams and treatments offered. The information described cannot under any circumstances replace consultation, diagnosis by a healthcare professional, the relationship between a practitioner and patient, or medical treatment prescribed by a healthcare professional.<\/p>\n<p style=\"text-align: justify;\">Despite all the attention paid to the description of the information available on this website, errors may occur. You can contact us via the <a href=\"https:\/\/dentairemutualiste71.fr\/en\/contact\/\">Contact<\/a> page.<\/p>\n<h4>Target audience<\/h4>\n<p style=\"text-align: justify;\">Natural persons, patients of the mutual dental centres, internet users, members of the public seeking information on dental care.<br \/>\nUnder no circumstances is this site intended to replace the relationship between a practitioner and a patient. The content available on this site aims to improve general information between practitioners and patients or visitors.<\/p>\n<h4>Hosting<\/h4>\n<p style=\"text-align: justify;\">Substances Actives SAS, technical publisher and IT operator of the site, ensures hosting on the infrastructure of:<br \/>\nScaleway SAS<br \/>\n8 rue de la Ville l&#8217;\u00c9v\u00eaque, 75008 Paris, France<br \/>\nThe servers hosting this site and the associated audience measurement solution are located in France. No transfer of data outside the European Union takes place in the normal operation of the site.<\/p>\n<h4>Technical maintenance and providers<\/h4>\n<p style=\"text-align: justify;\">Substances Actives SAS \u2014 36 rue des Petits Champs, 75002 Paris, France \u2014 provides, as technical publisher and IT operator, the design, hosting, maintenance and development of the website on behalf of the data controller (Mutualit\u00e9 Fran\u00e7aise Sa\u00f4ne-et-Loire).<\/p>\n<p style=\"text-align: justify;\">Email notifications (sending of contact messages) are routed via Mailgun Technologies Ireland Ltd, an email delivery provider based in Ireland, operating from within the European Union (Frankfurt datacenter).<\/p>\n<h4>Content authoring<\/h4>\n<p style=\"text-align: justify;\">The medical and general editorial content is developed with the assistance of the scientific committee of Substances Actives SAS, composed equally of dental surgeons. Mutualit\u00e9 Fran\u00e7aise Sa\u00f4ne-et-Loire is responsible for the information published on this website, in particular that relating to its dental centres, organisation and teams.<\/p>\n<h4>Funding of the site<\/h4>\n<p style=\"text-align: justify;\">This website is funded exclusively by Mutualit\u00e9 Fran\u00e7aise Sa\u00f4ne-et-Loire. There is no other source of funding and no advertising is displayed on it.<\/p>\n<h4>Intellectual property<\/h4>\n<p style=\"text-align: justify;\">All elements of this site (text, images, videos, logos, trademarks, layouts) belong to Mutualit\u00e9 Fran\u00e7aise Sa\u00f4ne-et-Loire and\/or Substances Actives SAS, with the exception of trademarks, logos or content belonging to other companies or authors.<br \/>\nAny copy or reproduction of all or part of these elements, without express written authorisation from the rights holders, is strictly prohibited and constitutes an infringement. The user is in particular prohibited from modifying, copying, reproducing, downloading, distributing, transmitting, exploiting commercially or non-commercially, or distributing all or part of the structural or content elements of the site, without such express authorisation.<\/p>\n<h4>Personal data \u2014 GDPR information<\/h4>\n<p style=\"text-align: justify;\">Data controller: Mutualit\u00e9 Fran\u00e7aise Sa\u00f4ne-et-Loire \u2014 29 avenue Boucicaut, 71100 Chalon-sur-Sa\u00f4ne, France.<\/p>\n<p style=\"text-align: justify;\">Contact for data protection enquiries: Mutualit\u00e9 Fran\u00e7aise Sa\u00f4ne-et-Loire \u2014 29 avenue Boucicaut, 71100 Chalon-sur-Sa\u00f4ne.<\/p>\n<p style=\"text-align: justify;\">Data collected and purposes:<\/p>\n<ul style=\"text-align: justify;\">\n<li>Audience measurement (Matomo): anonymised technical data (IP address masked on the last two octets, page viewed, visit duration, browser, traffic source). Purpose: production of anonymous traffic statistics. Legal basis: legitimate interest (Article 6.1.f GDPR), within the consent-exemption regime defined by French CNIL deliberation n\u00b02020-091 of 17 September 2020.<\/li>\n<li>Contact and appointment forms: first name, last name, city, email, phone, free-text message, dental centre concerned. Purpose: handling your request and organising your appointment. Legal basis: pre-contractual or contractual measures at your request (Article 6.1.b GDPR).<\/li>\n<\/ul>\n<p style=\"text-align: justify;\">Recipients of the data: data from forms is transmitted to the secretariat of the mutual dental centres (Mutualit\u00e9 Fran\u00e7aise Sa\u00f4ne-et-Loire). No data is transmitted to third parties for commercial or advertising purposes.<\/p>\n<p style=\"text-align: justify;\">Technical sub-processors:<\/p>\n<ul style=\"text-align: justify;\">\n<li>Substances Actives SAS (technical publisher, hosting, maintenance, IT operations);<\/li>\n<li>Scaleway SAS (physical hosting of servers in France);<\/li>\n<li>Mailgun Technologies Ireland Ltd (email notification delivery, EU datacenter).<\/li>\n<\/ul>\n<p style=\"text-align: justify;\">Retention period:<\/p>\n<ul style=\"text-align: justify;\">\n<li>Audience measurement data (Matomo): maximum 25 months (CNIL recommendation);<\/li>\n<li>Contact and appointment form submissions: 3 years from the last contact;<\/li>\n<li>Server connection technical logs: maximum 12 months (legal obligation).<\/li>\n<\/ul>\n<p style=\"text-align: justify;\">Transfers outside the European Union: no personal data is transferred outside the European Union as part of the standard operation of the site. Only one optional feature, the Google Street View virtual tour, may result in a transfer to the United States: it is disabled by default and only loads after explicit user click (see paragraph below).<\/p>\n<p style=\"text-align: justify;\">Your rights: you have the right of access, rectification, erasure, restriction, objection to processing, and portability of your personal data, as well as the right to define directives concerning the fate of your data after your death (Article 85 of the French Data Protection Act).<\/p>\n<p style=\"text-align: justify;\">To exercise your rights: you can send your request, accompanied by proof of identity, by post to:<br \/>\nMutualit\u00e9 Fran\u00e7aise Sa\u00f4ne-et-Loire<br \/>\nFor the attention of Mr. Patrick Zubiria<br \/>\n29 avenue Boucicaut, 71100 Chalon-sur-Sa\u00f4ne, France<\/p>\n<p style=\"text-align: justify;\">Complaint to the supervisory authority: if you consider that the processing of your data does not comply with the regulations, you have the right to lodge a complaint with the French Data Protection Authority (CNIL), 3 place de Fontenoy, TSA 80715, 75334 Paris CEDEX 07 \u2014 <a href=\"https:\/\/www.cnil.fr\" target=\"_blank\" rel=\"noopener\">www.cnil.fr<\/a>.<\/p>\n<h4>Cookies<\/h4>\n<p style=\"text-align: justify;\">This site uses a minimal number of cookies, all strictly necessary for its operation or exempt from consent under Article 82 of the French Data Protection Act:<\/p>\n<ul style=\"text-align: justify;\">\n<li>wp-wpml_current_language: technical cookie storing the language chosen for browsing (duration: 1 day);<\/li>\n<li>mtm_consent_removed: cookie placed only if you click the &#8220;I refuse statistical tracking&#8221; button below, in order to remember your refusal (duration: 30 years).<\/li>\n<\/ul>\n<p style=\"text-align: justify;\">No profiling cookies, advertising measurement cookies, social network cookies or third-party commercial cookies are placed.<\/p>\n<p style=\"text-align: justify;\"><em>Last update: 8 May 2026<\/em><\/p>\n<p>[\/et_pb_text][\/et_pb_column][\/et_pb_row][\/et_pb_section]<\/p>\n","protected":false},"excerpt":{"rendered":"<p>Legal notice Site publisher Mutualit\u00e9 Fran\u00e7aise Sa\u00f4ne-et-Loire 29 avenue Boucicaut, 71100 Chalon-sur-Sa\u00f4ne, France Organisation governed by the French Mutuality Code (Code de la mutualit\u00e9). This website provides information on the dental mutual health centres of Sa\u00f4ne-et-Loire, their operations, opening hours, teams and treatments offered. The information described cannot under any circumstances replace consultation, diagnosis by [&hellip;]<\/p>\n","protected":false},"author":1,"featured_media":0,"parent":0,"menu_order":0,"comment_status":"closed","ping_status":"closed","template":"","meta":{"_et_pb_use_builder":"on","_et_pb_old_content":"","_et_gb_content_width":"","footnotes":""},"class_list":["post-2295","page","type-page","status-publish","hentry"],"yoast_head":"<!-- This site is optimized with the Yoast SEO plugin v27.5 - https:\/\/yoast.com\/product\/yoast-seo-wordpress\/ -->\n<title>Legal mentions - French Dental Mutuality - Dentist Sa\u00f4ne-et-Loire<\/title>\n<meta name=\"description\" content=\"Dental health clinics are committed to a quality approach based on the good practices identified by the National Health Authority - Dentist Sa\u00f4ne-et-Loire\" \/>\n<meta name=\"robots\" content=\"index, follow, max-snippet:-1, max-image-preview:large, max-video-preview:-1\" \/>\n<link rel=\"canonical\" href=\"https:\/\/dentairemutualiste71.fr\/mentions-legales\/\" \/>\n<meta property=\"og:locale\" content=\"en_US\" \/>\n<meta property=\"og:type\" content=\"article\" \/>\n<meta property=\"og:title\" content=\"Legal mentions - French Dental Mutuality - Dentist Sa\u00f4ne-et-Loire\" \/>\n<meta property=\"og:description\" content=\"Dental health clinics are committed to a quality approach based on the good practices identified by the National Health Authority - Dentist Sa\u00f4ne-et-Loire\" \/>\n<meta property=\"og:url\" content=\"https:\/\/dentairemutualiste71.fr\/mentions-legales\/\" \/>\n<meta property=\"og:site_name\" content=\"Mutualit\u00e9 Fran\u00e7aise de Sa\u00f4ne-et-Loire\" \/>\n<meta property=\"article:modified_time\" content=\"2026-05-08T14:35:26+00:00\" \/>\n<meta name=\"twitter:card\" content=\"summary_large_image\" \/>\n<meta name=\"twitter:label1\" content=\"Est. reading time\" \/>\n\t<meta name=\"twitter:data1\" content=\"6 minutes\" \/>\n<script type=\"application\/ld+json\" class=\"yoast-schema-graph\">{\"@context\":\"https:\\\/\\\/schema.org\",\"@graph\":[{\"@type\":\"WebPage\",\"@id\":\"https:\\\/\\\/dentairemutualiste71.fr\\\/mentions-legales\\\/\",\"url\":\"https:\\\/\\\/dentairemutualiste71.fr\\\/mentions-legales\\\/\",\"name\":\"Legal mentions - French Dental Mutuality - Dentist Sa\u00f4ne-et-Loire\",\"isPartOf\":{\"@id\":\"https:\\\/\\\/dentairemutualiste71.fr\\\/en\\\/#website\"},\"datePublished\":\"2021-08-04T10:05:05+00:00\",\"dateModified\":\"2026-05-08T14:35:26+00:00\",\"description\":\"Dental health clinics are committed to a quality approach based on the good practices identified by the National Health Authority - Dentist Sa\u00f4ne-et-Loire\",\"breadcrumb\":{\"@id\":\"https:\\\/\\\/dentairemutualiste71.fr\\\/mentions-legales\\\/#breadcrumb\"},\"inLanguage\":\"en-US\",\"potentialAction\":[{\"@type\":\"ReadAction\",\"target\":[\"https:\\\/\\\/dentairemutualiste71.fr\\\/mentions-legales\\\/\"]}]},{\"@type\":\"BreadcrumbList\",\"@id\":\"https:\\\/\\\/dentairemutualiste71.fr\\\/mentions-legales\\\/#breadcrumb\",\"itemListElement\":[{\"@type\":\"ListItem\",\"position\":1,\"name\":\"Accueil\",\"item\":\"https:\\\/\\\/dentairemutualiste71.fr\\\/en\\\/\"},{\"@type\":\"ListItem\",\"position\":2,\"name\":\"Legal mentions\"}]},{\"@type\":\"WebSite\",\"@id\":\"https:\\\/\\\/dentairemutualiste71.fr\\\/en\\\/#website\",\"url\":\"https:\\\/\\\/dentairemutualiste71.fr\\\/en\\\/\",\"name\":\"Mutualit\u00e9 Fran\u00e7aise de Sa\u00f4ne-et-Loire\",\"description\":\"\",\"potentialAction\":[{\"@type\":\"SearchAction\",\"target\":{\"@type\":\"EntryPoint\",\"urlTemplate\":\"https:\\\/\\\/dentairemutualiste71.fr\\\/en\\\/?s={search_term_string}\"},\"query-input\":{\"@type\":\"PropertyValueSpecification\",\"valueRequired\":true,\"valueName\":\"search_term_string\"}}],\"inLanguage\":\"en-US\"}]}<\/script>\n<!-- \/ Yoast SEO plugin. -->","yoast_head_json":{"title":"Legal mentions - French Dental Mutuality - Dentist Sa\u00f4ne-et-Loire","description":"Dental health clinics are committed to a quality approach based on the good practices identified by the National Health Authority - Dentist Sa\u00f4ne-et-Loire","robots":{"index":"index","follow":"follow","max-snippet":"max-snippet:-1","max-image-preview":"max-image-preview:large","max-video-preview":"max-video-preview:-1"},"canonical":"https:\/\/dentairemutualiste71.fr\/mentions-legales\/","og_locale":"en_US","og_type":"article","og_title":"Legal mentions - French Dental Mutuality - Dentist Sa\u00f4ne-et-Loire","og_description":"Dental health clinics are committed to a quality approach based on the good practices identified by the National Health Authority - Dentist Sa\u00f4ne-et-Loire","og_url":"https:\/\/dentairemutualiste71.fr\/mentions-legales\/","og_site_name":"Mutualit\u00e9 Fran\u00e7aise de Sa\u00f4ne-et-Loire","article_modified_time":"2026-05-08T14:35:26+00:00","twitter_card":"summary_large_image","twitter_misc":{"Est. reading time":"6 minutes"},"schema":{"@context":"https:\/\/schema.org","@graph":[{"@type":"WebPage","@id":"https:\/\/dentairemutualiste71.fr\/mentions-legales\/","url":"https:\/\/dentairemutualiste71.fr\/mentions-legales\/","name":"Legal mentions - French Dental Mutuality - Dentist Sa\u00f4ne-et-Loire","isPartOf":{"@id":"https:\/\/dentairemutualiste71.fr\/en\/#website"},"datePublished":"2021-08-04T10:05:05+00:00","dateModified":"2026-05-08T14:35:26+00:00","description":"Dental health clinics are committed to a quality approach based on the good practices identified by the National Health Authority - Dentist Sa\u00f4ne-et-Loire","breadcrumb":{"@id":"https:\/\/dentairemutualiste71.fr\/mentions-legales\/#breadcrumb"},"inLanguage":"en-US","potentialAction":[{"@type":"ReadAction","target":["https:\/\/dentairemutualiste71.fr\/mentions-legales\/"]}]},{"@type":"BreadcrumbList","@id":"https:\/\/dentairemutualiste71.fr\/mentions-legales\/#breadcrumb","itemListElement":[{"@type":"ListItem","position":1,"name":"Accueil","item":"https:\/\/dentairemutualiste71.fr\/en\/"},{"@type":"ListItem","position":2,"name":"Legal mentions"}]},{"@type":"WebSite","@id":"https:\/\/dentairemutualiste71.fr\/en\/#website","url":"https:\/\/dentairemutualiste71.fr\/en\/","name":"Mutualit\u00e9 Fran\u00e7aise de Sa\u00f4ne-et-Loire","description":"","potentialAction":[{"@type":"SearchAction","target":{"@type":"EntryPoint","urlTemplate":"https:\/\/dentairemutualiste71.fr\/en\/?s={search_term_string}"},"query-input":{"@type":"PropertyValueSpecification","valueRequired":true,"valueName":"search_term_string"}}],"inLanguage":"en-US"}]}},"_links":{"self":[{"href":"https:\/\/dentairemutualiste71.fr\/en\/wp-json\/wp\/v2\/pages\/2295","targetHints":{"allow":["GET"]}}],"collection":[{"href":"https:\/\/dentairemutualiste71.fr\/en\/wp-json\/wp\/v2\/pages"}],"about":[{"href":"https:\/\/dentairemutualiste71.fr\/en\/wp-json\/wp\/v2\/types\/page"}],"author":[{"embeddable":true,"href":"https:\/\/dentairemutualiste71.fr\/en\/wp-json\/wp\/v2\/users\/1"}],"replies":[{"embeddable":true,"href":"https:\/\/dentairemutualiste71.fr\/en\/wp-json\/wp\/v2\/comments?post=2295"}],"version-history":[{"count":4,"href":"https:\/\/dentairemutualiste71.fr\/en\/wp-json\/wp\/v2\/pages\/2295\/revisions"}],"predecessor-version":[{"id":3227,"href":"https:\/\/dentairemutualiste71.fr\/en\/wp-json\/wp\/v2\/pages\/2295\/revisions\/3227"}],"wp:attachment":[{"href":"https:\/\/dentairemutualiste71.fr\/en\/wp-json\/wp\/v2\/media?parent=2295"}],"curies":[{"name":"wp","href":"https:\/\/api.w.org\/{rel}","templated":true}]}}