{"id":2335,"date":"2021-07-23T09:59:29","date_gmt":"2021-07-23T07:59:29","guid":{"rendered":"https:\/\/dentairemutualiste71.fr\/our-dental-services\/implantology\/"},"modified":"2022-07-22T15:34:32","modified_gmt":"2022-07-22T13:34:32","slug":"implantology","status":"publish","type":"page","link":"https:\/\/dentairemutualiste71.fr\/en\/our-dental-services\/implantology\/","title":{"rendered":"Implantology"},"content":{"rendered":"<p>[et_pb_section fb_built=&#8221;1&#8243; custom_padding_last_edited=&#8221;off|tablet&#8221; next_background_color=&#8221;#ffffff&#8221; admin_label=&#8221;Header&#8221; _builder_version=&#8221;4.17.4&#8243; background_color=&#8221;#edf2fb&#8221; background_image=&#8221;https:\/\/dentairemutualiste71.fr\/wp-content\/uploads\/implant.jpg&#8221; custom_padding=&#8221;15em||15em||true|false&#8221; custom_padding_tablet=&#8221;||0vw|&#8221; bottom_divider_style=&#8221;wave&#8221; bottom_divider_height=&#8221;80%&#8221; bottom_divider_repeat=&#8221;0.6x&#8221; bottom_divider_flip=&#8221;vertical|horizontal&#8221; global_colors_info=&#8221;{}&#8221;][\/et_pb_section][et_pb_section fb_built=&#8221;1&#8243; _builder_version=&#8221;4.16&#8243; _module_preset=&#8221;default&#8221; custom_margin=&#8221;0px||0px||false|false&#8221; custom_padding=&#8221;0px||0px||false|false&#8221; global_colors_info=&#8221;{}&#8221;][et_pb_row column_structure=&#8221;1_5,3_5,1_5&#8243; _builder_version=&#8221;4.16&#8243; _module_preset=&#8221;default&#8221; custom_margin=&#8221;0px||0px||true|false&#8221; custom_padding=&#8221;0px||0px||true|false&#8221; global_colors_info=&#8221;{}&#8221;][et_pb_column type=&#8221;1_5&#8243; _builder_version=&#8221;4.16&#8243; _module_preset=&#8221;default&#8221; global_colors_info=&#8221;{}&#8221;][\/et_pb_column][et_pb_column type=&#8221;3_5&#8243; _builder_version=&#8221;4.16&#8243; _module_preset=&#8221;default&#8221; global_colors_info=&#8221;{}&#8221;][et_pb_text _builder_version=&#8221;4.16&#8243; header_font=&#8221;||||||||&#8221; header_text_align=&#8221;center&#8221; header_text_color=&#8221;#002855&#8243; header_font_size=&#8221;70px&#8221; header_letter_spacing=&#8221;1px&#8221; header_line_height=&#8221;1.2em&#8221; custom_margin=&#8221;0px||0px||true|false&#8221; custom_padding=&#8221;0px||0px||true|false&#8221; animation_style=&#8221;slide&#8221; header_font_size_tablet=&#8221;40px&#8221; header_font_size_phone=&#8221;34px&#8221; header_font_size_last_edited=&#8221;on|desktop&#8221; header_letter_spacing_tablet=&#8221;0px&#8221; header_letter_spacing_phone=&#8221;0px&#8221; header_letter_spacing_last_edited=&#8221;on|tablet&#8221; global_colors_info=&#8221;{}&#8221;]<\/p>\n<h1>Implantology<\/h1>\n<p>[\/et_pb_text][et_pb_divider color=&#8221;#1b4965&#8243; divider_weight=&#8221;3px&#8221; _builder_version=&#8221;4.16&#8243; _module_preset=&#8221;default&#8221; width=&#8221;50%&#8221; module_alignment=&#8221;center&#8221; animation_style=&#8221;zoom&#8221; global_colors_info=&#8221;{}&#8221;][\/et_pb_divider][\/et_pb_column][et_pb_column type=&#8221;1_5&#8243; _builder_version=&#8221;4.16&#8243; _module_preset=&#8221;default&#8221; global_colors_info=&#8221;{}&#8221;][\/et_pb_column][\/et_pb_row][\/et_pb_section][et_pb_section fb_built=&#8221;1&#8243; admin_label=&#8221;Facilities&#8221; _builder_version=&#8221;4.16&#8243; custom_margin=&#8221;0px||||false|false&#8221; custom_padding=&#8221;0px||||false|false&#8221; locked=&#8221;off&#8221; global_colors_info=&#8221;{}&#8221;][et_pb_row column_structure=&#8221;1_3,2_3&#8243; _builder_version=&#8221;4.16&#8243; global_colors_info=&#8221;{}&#8221;][et_pb_column type=&#8221;1_3&#8243; _builder_version=&#8221;4.16&#8243; custom_padding=&#8221;|||&#8221; animation_style=&#8221;slide&#8221; animation_direction=&#8221;right&#8221; global_colors_info=&#8221;{}&#8221; custom_padding__hover=&#8221;|||&#8221;][et_pb_image src=&#8221;https:\/\/dentairemutualiste71.fr\/wp-content\/uploads\/2021\/07\/implant.png&#8221; title_text=&#8221;dental implant&#8221; align_tablet=&#8221;center&#8221; align_phone=&#8221;&#8221; align_last_edited=&#8221;on|desktop&#8221; _builder_version=&#8221;4.16&#8243; transform_origin=&#8221;100%|0%&#8221; custom_margin=&#8221;|||-20vw&#8221; custom_margin_tablet=&#8221;&#8221; custom_margin_phone=&#8221;|||0vw&#8221; custom_margin_last_edited=&#8221;on|tablet&#8221; animation_style=&#8221;fade&#8221; animation_duration=&#8221;1500ms&#8221; global_colors_info=&#8221;{}&#8221;][\/et_pb_image][\/et_pb_column][et_pb_column type=&#8221;2_3&#8243; _builder_version=&#8221;4.16&#8243; custom_padding=&#8221;120px|||&#8221; custom_padding_tablet=&#8221;40px||&#8221; custom_padding_phone=&#8221;&#8221; custom_padding_last_edited=&#8221;on|tablet&#8221; global_colors_info=&#8221;{}&#8221; custom_padding__hover=&#8221;|||&#8221;][et_pb_text _builder_version=&#8221;4.16&#8243; header_font=&#8221;||||||||&#8221; header_2_font=&#8221;||||||||&#8221; header_2_text_color=&#8221;#002855&#8243; header_2_font_size=&#8221;50px&#8221; header_2_line_height=&#8221;1.2em&#8221; custom_margin=&#8221;|||||&#8221; animation_style=&#8221;zoom&#8221; header_2_font_size_tablet=&#8221;36px&#8221; header_2_font_size_phone=&#8221;28px&#8221; header_2_font_size_last_edited=&#8221;on|phone&#8221; header_2_letter_spacing_tablet=&#8221;0px&#8221; header_2_letter_spacing_phone=&#8221;0px&#8221; header_2_letter_spacing_last_edited=&#8221;off|tablet&#8221; locked=&#8221;off&#8221; global_colors_info=&#8221;{}&#8221;]<\/p>\n<h2>Definition of a dental implant<\/h2>\n<p>[\/et_pb_text][et_pb_blurb image=&#8221;https:\/\/dentairemutualiste71.fr\/wp-content\/uploads\/2021\/07\/implant-b.png&#8221; icon_placement=&#8221;left&#8221; image_icon_width=&#8221;70px&#8221; content_max_width=&#8221;800px&#8221; image_icon_width_tablet=&#8221;70px&#8221; image_icon_width_phone=&#8221;60px&#8221; image_icon_width_last_edited=&#8221;on|phone&#8221; _builder_version=&#8221;4.16&#8243; header_font=&#8221;Cormorant Garamond|700|||||||&#8221; header_font_size=&#8221;26px&#8221; body_font=&#8221;||||||||&#8221; body_text_color=&#8221;#232323&#8243; use_background_color_gradient=&#8221;on&#8221; background_color_gradient_direction=&#8221;-60deg&#8221; background_color_gradient_stops=&#8221;#cae9ff 0%|#d7e3fc 100%&#8221; background_color_gradient_start=&#8221;#cae9ff&#8221; background_color_gradient_end=&#8221;#d7e3fc&#8221; transform_scale=&#8221;110%|110%&#8221; transform_origin=&#8221;0%|50%&#8221; background_layout=&#8221;dark&#8221; custom_margin=&#8221;||50px&#8221; custom_padding=&#8221;30px|30px|30px|30px|true|true&#8221; animation_style=&#8221;zoom&#8221; animation=&#8221;off&#8221; header_font_size_tablet=&#8221;&#8221; header_font_size_phone=&#8221;21px&#8221; header_font_size_last_edited=&#8221;on|phone&#8221; body_font_size_tablet=&#8221;&#8221; body_font_size_phone=&#8221;14px&#8221; body_font_size_last_edited=&#8221;on|phone&#8221; body_line_height_tablet=&#8221;&#8221; body_line_height_phone=&#8221;1.8em&#8221; body_line_height_last_edited=&#8221;on|phone&#8221; border_radii=&#8221;on|6px|6px|6px|6px&#8221; box_shadow_style=&#8221;preset1&#8243; box_shadow_vertical=&#8221;20px&#8221; box_shadow_blur=&#8221;40px&#8221; box_shadow_color=&#8221;#e2eafc&#8221; image_max_width=&#8221;70px&#8221; image_max_width_tablet=&#8221;&#8221; image_max_width_phone=&#8221;60px&#8221; image_max_width_last_edited=&#8221;on|phone&#8221; locked=&#8221;off&#8221; global_colors_info=&#8221;{}&#8221;]<\/p>\n<p style=\"text-align: justify;\">A dental implant is like a small screw, it is an artificial root, made of titanium and biocompatible. It is used to replace the root of a damaged or missing tooth and to serve as an anchor point for a future denture or ceramic crown. Whether it is for one or more missing teeth, we will offer you the solution best adapted to your case, for an optimal result that is both aesthetic and reliable over time.<\/p>\n<p style=\"text-align: justify;\">With a dental implant, your new tooth will look and function like a healthy natural tooth.<\/p>\n<p>[\/et_pb_blurb][\/et_pb_column][\/et_pb_row][\/et_pb_section][et_pb_section fb_built=&#8221;1&#8243; _builder_version=&#8221;4.16&#8243; background_color=&#8221;#ffffff&#8221; background_enable_image=&#8221;off&#8221; background_size=&#8221;initial&#8221; background_position=&#8221;top_center&#8221; custom_margin=&#8221;0px||||false|false&#8221; custom_padding=&#8221;0px||||false|false&#8221; bottom_divider_style=&#8221;wave&#8221; bottom_divider_color=&#8221;#edf2fb&#8221; bottom_divider_height=&#8221;70%&#8221; bottom_divider_repeat=&#8221;0.7x&#8221; global_colors_info=&#8221;{}&#8221;][et_pb_row column_structure=&#8221;1_2,1_2&#8243; _builder_version=&#8221;4.16&#8243; global_colors_info=&#8221;{}&#8221;][et_pb_column type=&#8221;1_2&#8243; _builder_version=&#8221;4.16&#8243; custom_padding=&#8221;3vw||||false|false&#8221; animation_style=&#8221;slide&#8221; animation_direction=&#8221;right&#8221; global_colors_info=&#8221;{}&#8221; custom_padding__hover=&#8221;|||&#8221;][et_pb_image src=&#8221;https:\/\/dentairemutualiste71.fr\/wp-content\/uploads\/2021\/07\/implant-dent.png&#8221; title_text=&#8221;dental-implant&#8221; _builder_version=&#8221;4.16&#8243; _module_preset=&#8221;default&#8221; animation_style=&#8221;fade&#8221; animation_duration=&#8221;1500ms&#8221; global_colors_info=&#8221;{}&#8221;][\/et_pb_image][\/et_pb_column][et_pb_column type=&#8221;1_2&#8243; _builder_version=&#8221;4.16&#8243; custom_padding=&#8221;|||&#8221; animation_style=&#8221;zoom&#8221; global_colors_info=&#8221;{}&#8221; custom_padding__hover=&#8221;|||&#8221;][et_pb_text _builder_version=&#8221;4.16&#8243; header_font=&#8221;||||||||&#8221; header_2_font=&#8221;||||||||&#8221; header_2_text_color=&#8221;#002855&#8243; header_2_font_size=&#8221;50px&#8221; header_2_line_height=&#8221;1.2em&#8221; custom_margin=&#8221;|||||&#8221; header_2_font_size_tablet=&#8221;36px&#8221; header_2_font_size_phone=&#8221;28px&#8221; header_2_font_size_last_edited=&#8221;on|phone&#8221; header_2_letter_spacing_tablet=&#8221;0px&#8221; header_2_letter_spacing_phone=&#8221;0px&#8221; header_2_letter_spacing_last_edited=&#8221;off|tablet&#8221; locked=&#8221;off&#8221; global_colors_info=&#8221;{}&#8221;]<\/p>\n<h2>Different stages of an implant treatment<\/h2>\n<p>[\/et_pb_text][et_pb_text _builder_version=&#8221;4.16&#8243; text_font=&#8221;Open Sans||||||||&#8221; text_letter_spacing=&#8221;0.5px&#8221; header_4_font=&#8221;Cormorant Garamond|700|||||||&#8221; header_4_text_color=&#8221;#57ac5a&#8221; header_4_font_size=&#8221;26px&#8221; header_4_line_height=&#8221;1.5em&#8221; transform_scale_tablet=&#8221;&#8221; transform_scale_phone=&#8221;&#8221; transform_scale_last_edited=&#8221;on|desktop&#8221; transform_translate_tablet=&#8221;&#8221; transform_translate_phone=&#8221;&#8221; transform_translate_last_edited=&#8221;on|desktop&#8221; transform_rotate_tablet=&#8221;&#8221; transform_rotate_phone=&#8221;&#8221; transform_rotate_last_edited=&#8221;on|desktop&#8221; transform_skew_tablet=&#8221;&#8221; transform_skew_phone=&#8221;&#8221; transform_skew_last_edited=&#8221;on|desktop&#8221; transform_origin_tablet=&#8221;&#8221; transform_origin_phone=&#8221;&#8221; transform_origin_last_edited=&#8221;on|desktop&#8221; transform_styles_last_edited=&#8221;on|desktop&#8221; text_font_size_tablet=&#8221;16px&#8221; text_font_size_phone=&#8221;14px&#8221; text_font_size_last_edited=&#8221;on|phone&#8221; text_letter_spacing_tablet=&#8221;&#8221; text_letter_spacing_phone=&#8221;0px&#8221; text_letter_spacing_last_edited=&#8221;on|tablet&#8221; header_4_font_size_tablet=&#8221;&#8221; header_4_font_size_phone=&#8221;20px&#8221; header_4_font_size_last_edited=&#8221;on|phone&#8221; transform_styles_tablet=&#8221;&#8221; transform_styles_phone=&#8221;&#8221; locked=&#8221;off&#8221; global_colors_info=&#8221;{}&#8221;]<\/p>\n<p style=\"text-align: justify;\"><strong>Clinical and radiological examination:<\/strong> An X-ray and\/or a 3D cone beam dental scanner will be necessary. A prosthetic and surgical treatment plan as well as a detailed estimate will be given to you after this examination.<\/p>\n<p style=\"text-align: justify;\"><strong>The placement of the dental implant<\/strong> is done under local anesthesia and when possible a temporary tooth is placed.<\/p>\n<p style=\"text-align: justify;\"><strong>Wait about 3 months<\/strong> for bone healing of the dental implant. During this period, a temporary prosthesis can be made.<\/p>\n<p style=\"text-align: justify;\"><strong>Completion of the customary prosthesis<\/strong>: You can now fully enjoy your new tooth. All the essential functions are again present: the aesthetics of the smile, the masticatory function and the maintenance of the facial features. Crunching the life to the fullest makes sense again.<\/p>\n<p>[\/et_pb_text][\/et_pb_column][\/et_pb_row][\/et_pb_section][et_pb_section fb_built=&#8221;1&#8243; custom_padding_last_edited=&#8221;on|tablet&#8221; admin_label=&#8221;Testimonials&#8221; _builder_version=&#8221;4.16&#8243; background_color=&#8221;#fcfaf7&#8243; use_background_color_gradient=&#8221;on&#8221; background_color_gradient_stops=&#8221;#edf2fb 0%|#ffffff 79%&#8221; background_color_gradient_start=&#8221;#edf2fb&#8221; background_color_gradient_end=&#8221;#ffffff&#8221; background_color_gradient_end_position=&#8221;79%&#8221; background_image=&#8221;https:\/\/dentairemutualiste71.fr\/wp-content\/uploads\/2021\/08\/Dessin-dentaire-gauche-bas.png&#8221; background_size=&#8221;contain&#8221; background_position=&#8221;bottom_left&#8221; custom_padding=&#8221;50px||50px||true|&#8221; custom_padding_tablet=&#8221;0px||0px||true&#8221; custom_padding_phone=&#8221;&#8221; global_colors_info=&#8221;{}&#8221;][et_pb_row column_structure=&#8221;1_2,1_2&#8243; _builder_version=&#8221;4.17.4&#8243; global_colors_info=&#8221;{}&#8221;][et_pb_column type=&#8221;1_2&#8243; _builder_version=&#8221;4.17.4&#8243; custom_padding=&#8221;||||false|false&#8221; animation_style=&#8221;slide&#8221; animation_direction=&#8221;left&#8221; global_colors_info=&#8221;{}&#8221; custom_padding__hover=&#8221;|||&#8221;][et_pb_text _builder_version=&#8221;4.16&#8243; text_font=&#8221;||||||||&#8221; header_font=&#8221;||||||||&#8221; header_2_font=&#8221;||||||||&#8221; header_2_text_color=&#8221;#002855&#8243; header_2_font_size=&#8221;50px&#8221; header_2_line_height=&#8221;1.2em&#8221; text_orientation=&#8221;center&#8221; max_width=&#8221;600px&#8221; module_alignment=&#8221;center&#8221; header_2_font_size_tablet=&#8221;36px&#8221; header_2_font_size_phone=&#8221;28px&#8221; header_2_font_size_last_edited=&#8221;on|phone&#8221; header_2_letter_spacing_tablet=&#8221;0px&#8221; header_2_letter_spacing_phone=&#8221;0px&#8221; header_2_letter_spacing_last_edited=&#8221;off|tablet&#8221; locked=&#8221;off&#8221; global_colors_info=&#8221;{}&#8221;]<\/p>\n<h2>Benefits of dental implants<\/h2>\n<p>[\/et_pb_text][et_pb_video src=&#8221;https:\/\/vimeo.com\/463877299&#8243; _builder_version=&#8221;4.17.4&#8243; _module_preset=&#8221;default&#8221; animation_style=&#8221;slide&#8221; global_colors_info=&#8221;{}&#8221;][\/et_pb_video][\/et_pb_column][et_pb_column type=&#8221;1_2&#8243; _builder_version=&#8221;4.16&#8243; custom_padding=&#8221;|||&#8221; animation_style=&#8221;zoom&#8221; global_colors_info=&#8221;{}&#8221; custom_padding__hover=&#8221;|||&#8221;][et_pb_text _builder_version=&#8221;4.16&#8243; text_font=&#8221;Open Sans||||||||&#8221; text_letter_spacing=&#8221;0.5px&#8221; header_4_font=&#8221;Cormorant Garamond|700|||||||&#8221; header_4_text_color=&#8221;#57ac5a&#8221; header_4_font_size=&#8221;26px&#8221; header_4_line_height=&#8221;1.5em&#8221; transform_scale_tablet=&#8221;&#8221; transform_scale_phone=&#8221;&#8221; transform_scale_last_edited=&#8221;on|desktop&#8221; transform_translate_tablet=&#8221;&#8221; transform_translate_phone=&#8221;&#8221; transform_translate_last_edited=&#8221;on|desktop&#8221; transform_rotate_tablet=&#8221;&#8221; transform_rotate_phone=&#8221;&#8221; transform_rotate_last_edited=&#8221;on|desktop&#8221; transform_skew_tablet=&#8221;&#8221; transform_skew_phone=&#8221;&#8221; transform_skew_last_edited=&#8221;on|desktop&#8221; transform_origin_tablet=&#8221;&#8221; transform_origin_phone=&#8221;&#8221; transform_origin_last_edited=&#8221;on|desktop&#8221; transform_styles_last_edited=&#8221;on|desktop&#8221; text_font_size_tablet=&#8221;16px&#8221; text_font_size_phone=&#8221;14px&#8221; text_font_size_last_edited=&#8221;on|phone&#8221; text_letter_spacing_tablet=&#8221;&#8221; text_letter_spacing_phone=&#8221;0px&#8221; text_letter_spacing_last_edited=&#8221;on|tablet&#8221; header_4_font_size_tablet=&#8221;&#8221; header_4_font_size_phone=&#8221;20px&#8221; header_4_font_size_last_edited=&#8221;on|phone&#8221; transform_styles_tablet=&#8221;&#8221; transform_styles_phone=&#8221;&#8221; locked=&#8221;off&#8221; global_colors_info=&#8221;{}&#8221;]<\/p>\n<p style=\"text-align: justify;\">Dental implants are a long-term solution that can safely replace one or more teeth without affecting other teeth, making them the best solution for replacing missing teeth:<\/p>\n<p>[\/et_pb_text][dsm_icon_list icon_color=&#8221;#1b4965&#8243; icon_font_size=&#8221;20px&#8221; list_vertical_alignment=&#8221;flex-start&#8221; list_padding=&#8221;||1em||false|false&#8221; _builder_version=&#8221;4.17.6&#8243; _module_preset=&#8221;default&#8221; hover_enabled=&#8221;0&#8243; global_colors_info=&#8221;{}&#8221; sticky_enabled=&#8221;0&#8243;][dsm_icon_list_child text=&#8221;Dental implants offer better cosmetic and functional results.&#8221; font_icon=&#8221;&#x45;||divi||400&#8243; _builder_version=&#8221;4.17.6&#8243; _module_preset=&#8221;default&#8221; hover_enabled=&#8221;0&#8243; global_colors_info=&#8221;{}&#8221; sticky_enabled=&#8221;0&#8243;][\/dsm_icon_list_child][dsm_icon_list_child text=&#8221;Dental implants prevent significant bone loss and the sagging of the face that causes premature aging.&#8221; font_icon=&#8221;&#x45;||divi||400&#8243; _builder_version=&#8221;4.17.6&#8243; _module_preset=&#8221;default&#8221; hover_enabled=&#8221;0&#8243; global_colors_info=&#8221;{}&#8221; sticky_enabled=&#8221;0&#8243;][\/dsm_icon_list_child][dsm_icon_list_child text=&#8221;The placement of a dental implant avoids the decay of the natural teeth adjacent to the edentulism, unlike traditional techniques.&#8221; font_icon=&#8221;&#x45;||divi||400&#8243; _builder_version=&#8221;4.17.6&#8243; _module_preset=&#8221;default&#8221; hover_enabled=&#8221;0&#8243; global_colors_info=&#8221;{}&#8221; sticky_enabled=&#8221;0&#8243;][\/dsm_icon_list_child][dsm_icon_list_child text=&#8221;They provide a stable base for new teeth, and allow you to speak and eat comfortably and safely.&#8221; font_icon=&#8221;&#x45;||divi||400&#8243; _builder_version=&#8221;4.17.6&#8243; _module_preset=&#8221;default&#8221; hover_enabled=&#8221;0&#8243; global_colors_info=&#8221;{}&#8221; sticky_enabled=&#8221;0&#8243;][\/dsm_icon_list_child][dsm_icon_list_child text=&#8221;Dental implants are an extremely predictable solution, with medium and long-term studies showing very high success rates.&#8221; font_icon=&#8221;&#x45;||divi||400&#8243; _builder_version=&#8221;4.17.6&#8243; _module_preset=&#8221;default&#8221; hover_enabled=&#8221;0&#8243; global_colors_info=&#8221;{}&#8221; sticky_enabled=&#8221;0&#8243;][\/dsm_icon_list_child][\/dsm_icon_list][\/et_pb_column][\/et_pb_row][\/et_pb_section]<\/p>\n","protected":false},"excerpt":{"rendered":"<p>ImplantologyDefinition of a dental implantA dental implant is like a small screw, it is an artificial root, made of titanium and biocompatible. It is used to replace the root of a damaged or missing tooth and to serve as an anchor point for a future denture or ceramic crown. Whether it is for one or [&hellip;]<\/p>\n","protected":false},"author":1,"featured_media":0,"parent":2294,"menu_order":0,"comment_status":"closed","ping_status":"closed","template":"","meta":{"_et_pb_use_builder":"on","_et_pb_old_content":"","_et_gb_content_width":"","footnotes":""},"class_list":["post-2335","page","type-page","status-publish","hentry"],"yoast_head":"<!-- This site is optimized with the Yoast SEO plugin v27.3 - https:\/\/yoast.com\/product\/yoast-seo-wordpress\/ -->\n<title>Implantology - French Mutuality Sa\u00f4ne-et-Loire-Dentist Sa\u00f4ne-et-Loire<\/title>\n<meta name=\"description\" content=\"Dental prosthesis Sa\u00f4ne-et-Loire - Replace one or more missing or missing teeth - Dentist Sa\u00f4ne-et-Loire\" \/>\n<meta name=\"robots\" content=\"index, follow, max-snippet:-1, max-image-preview:large, max-video-preview:-1\" \/>\n<link rel=\"canonical\" href=\"https:\/\/dentairemutualiste71.fr\/en\/our-dental-services\/implantology\/\" \/>\n<meta property=\"og:locale\" content=\"en_US\" \/>\n<meta property=\"og:type\" content=\"article\" \/>\n<meta property=\"og:title\" content=\"Implantology - French Mutuality Sa\u00f4ne-et-Loire-Dentist Sa\u00f4ne-et-Loire\" \/>\n<meta property=\"og:description\" content=\"Dental prosthesis Sa\u00f4ne-et-Loire - Replace one or more missing or missing teeth - Dentist Sa\u00f4ne-et-Loire\" \/>\n<meta property=\"og:url\" content=\"https:\/\/dentairemutualiste71.fr\/en\/our-dental-services\/implantology\/\" \/>\n<meta property=\"og:site_name\" content=\"Mutualit\u00e9 Fran\u00e7aise de Sa\u00f4ne-et-Loire\" \/>\n<meta property=\"article:modified_time\" content=\"2022-07-22T13:34:32+00:00\" \/>\n<meta name=\"twitter:card\" content=\"summary_large_image\" \/>\n<meta name=\"twitter:label1\" content=\"Est. reading time\" \/>\n\t<meta name=\"twitter:data1\" content=\"10 minutes\" \/>\n<script type=\"application\/ld+json\" class=\"yoast-schema-graph\">{\"@context\":\"https:\\\/\\\/schema.org\",\"@graph\":[{\"@type\":\"WebPage\",\"@id\":\"https:\\\/\\\/dentairemutualiste71.fr\\\/en\\\/our-dental-services\\\/implantology\\\/\",\"url\":\"https:\\\/\\\/dentairemutualiste71.fr\\\/en\\\/our-dental-services\\\/implantology\\\/\",\"name\":\"Implantology - French Mutuality Sa\u00f4ne-et-Loire-Dentist Sa\u00f4ne-et-Loire\",\"isPartOf\":{\"@id\":\"https:\\\/\\\/dentairemutualiste71.fr\\\/en\\\/#website\"},\"datePublished\":\"2021-07-23T07:59:29+00:00\",\"dateModified\":\"2022-07-22T13:34:32+00:00\",\"description\":\"Dental prosthesis Sa\u00f4ne-et-Loire - Replace one or more missing or missing teeth - Dentist Sa\u00f4ne-et-Loire\",\"breadcrumb\":{\"@id\":\"https:\\\/\\\/dentairemutualiste71.fr\\\/en\\\/our-dental-services\\\/implantology\\\/#breadcrumb\"},\"inLanguage\":\"en-US\",\"potentialAction\":[{\"@type\":\"ReadAction\",\"target\":[\"https:\\\/\\\/dentairemutualiste71.fr\\\/en\\\/our-dental-services\\\/implantology\\\/\"]}]},{\"@type\":\"BreadcrumbList\",\"@id\":\"https:\\\/\\\/dentairemutualiste71.fr\\\/en\\\/our-dental-services\\\/implantology\\\/#breadcrumb\",\"itemListElement\":[{\"@type\":\"ListItem\",\"position\":1,\"name\":\"Accueil\",\"item\":\"https:\\\/\\\/dentairemutualiste71.fr\\\/en\\\/\"},{\"@type\":\"ListItem\",\"position\":2,\"name\":\"Our dental services\",\"item\":\"https:\\\/\\\/dentairemutualiste71.fr\\\/en\\\/our-dental-services\\\/\"},{\"@type\":\"ListItem\",\"position\":3,\"name\":\"Implantology\"}]},{\"@type\":\"WebSite\",\"@id\":\"https:\\\/\\\/dentairemutualiste71.fr\\\/en\\\/#website\",\"url\":\"https:\\\/\\\/dentairemutualiste71.fr\\\/en\\\/\",\"name\":\"Mutualit\u00e9 Fran\u00e7aise de Sa\u00f4ne-et-Loire\",\"description\":\"\",\"potentialAction\":[{\"@type\":\"SearchAction\",\"target\":{\"@type\":\"EntryPoint\",\"urlTemplate\":\"https:\\\/\\\/dentairemutualiste71.fr\\\/en\\\/?s={search_term_string}\"},\"query-input\":{\"@type\":\"PropertyValueSpecification\",\"valueRequired\":true,\"valueName\":\"search_term_string\"}}],\"inLanguage\":\"en-US\"}]}<\/script>\n<!-- \/ Yoast SEO plugin. -->","yoast_head_json":{"title":"Implantology - French Mutuality Sa\u00f4ne-et-Loire-Dentist Sa\u00f4ne-et-Loire","description":"Dental prosthesis Sa\u00f4ne-et-Loire - Replace one or more missing or missing teeth - Dentist Sa\u00f4ne-et-Loire","robots":{"index":"index","follow":"follow","max-snippet":"max-snippet:-1","max-image-preview":"max-image-preview:large","max-video-preview":"max-video-preview:-1"},"canonical":"https:\/\/dentairemutualiste71.fr\/en\/our-dental-services\/implantology\/","og_locale":"en_US","og_type":"article","og_title":"Implantology - French Mutuality Sa\u00f4ne-et-Loire-Dentist Sa\u00f4ne-et-Loire","og_description":"Dental prosthesis Sa\u00f4ne-et-Loire - Replace one or more missing or missing teeth - Dentist Sa\u00f4ne-et-Loire","og_url":"https:\/\/dentairemutualiste71.fr\/en\/our-dental-services\/implantology\/","og_site_name":"Mutualit\u00e9 Fran\u00e7aise de Sa\u00f4ne-et-Loire","article_modified_time":"2022-07-22T13:34:32+00:00","twitter_card":"summary_large_image","twitter_misc":{"Est. reading time":"10 minutes"},"schema":{"@context":"https:\/\/schema.org","@graph":[{"@type":"WebPage","@id":"https:\/\/dentairemutualiste71.fr\/en\/our-dental-services\/implantology\/","url":"https:\/\/dentairemutualiste71.fr\/en\/our-dental-services\/implantology\/","name":"Implantology - French Mutuality Sa\u00f4ne-et-Loire-Dentist Sa\u00f4ne-et-Loire","isPartOf":{"@id":"https:\/\/dentairemutualiste71.fr\/en\/#website"},"datePublished":"2021-07-23T07:59:29+00:00","dateModified":"2022-07-22T13:34:32+00:00","description":"Dental prosthesis Sa\u00f4ne-et-Loire - Replace one or more missing or missing teeth - Dentist Sa\u00f4ne-et-Loire","breadcrumb":{"@id":"https:\/\/dentairemutualiste71.fr\/en\/our-dental-services\/implantology\/#breadcrumb"},"inLanguage":"en-US","potentialAction":[{"@type":"ReadAction","target":["https:\/\/dentairemutualiste71.fr\/en\/our-dental-services\/implantology\/"]}]},{"@type":"BreadcrumbList","@id":"https:\/\/dentairemutualiste71.fr\/en\/our-dental-services\/implantology\/#breadcrumb","itemListElement":[{"@type":"ListItem","position":1,"name":"Accueil","item":"https:\/\/dentairemutualiste71.fr\/en\/"},{"@type":"ListItem","position":2,"name":"Our dental services","item":"https:\/\/dentairemutualiste71.fr\/en\/our-dental-services\/"},{"@type":"ListItem","position":3,"name":"Implantology"}]},{"@type":"WebSite","@id":"https:\/\/dentairemutualiste71.fr\/en\/#website","url":"https:\/\/dentairemutualiste71.fr\/en\/","name":"Mutualit\u00e9 Fran\u00e7aise de Sa\u00f4ne-et-Loire","description":"","potentialAction":[{"@type":"SearchAction","target":{"@type":"EntryPoint","urlTemplate":"https:\/\/dentairemutualiste71.fr\/en\/?s={search_term_string}"},"query-input":{"@type":"PropertyValueSpecification","valueRequired":true,"valueName":"search_term_string"}}],"inLanguage":"en-US"}]}},"_links":{"self":[{"href":"https:\/\/dentairemutualiste71.fr\/en\/wp-json\/wp\/v2\/pages\/2335","targetHints":{"allow":["GET"]}}],"collection":[{"href":"https:\/\/dentairemutualiste71.fr\/en\/wp-json\/wp\/v2\/pages"}],"about":[{"href":"https:\/\/dentairemutualiste71.fr\/en\/wp-json\/wp\/v2\/types\/page"}],"author":[{"embeddable":true,"href":"https:\/\/dentairemutualiste71.fr\/en\/wp-json\/wp\/v2\/users\/1"}],"replies":[{"embeddable":true,"href":"https:\/\/dentairemutualiste71.fr\/en\/wp-json\/wp\/v2\/comments?post=2335"}],"version-history":[{"count":3,"href":"https:\/\/dentairemutualiste71.fr\/en\/wp-json\/wp\/v2\/pages\/2335\/revisions"}],"predecessor-version":[{"id":2470,"href":"https:\/\/dentairemutualiste71.fr\/en\/wp-json\/wp\/v2\/pages\/2335\/revisions\/2470"}],"up":[{"embeddable":true,"href":"https:\/\/dentairemutualiste71.fr\/en\/wp-json\/wp\/v2\/pages\/2294"}],"wp:attachment":[{"href":"https:\/\/dentairemutualiste71.fr\/en\/wp-json\/wp\/v2\/media?parent=2335"}],"curies":[{"name":"wp","href":"https:\/\/api.w.org\/{rel}","templated":true}]}}