{"id":2344,"date":"2021-07-26T15:43:23","date_gmt":"2021-07-26T13:43:23","guid":{"rendered":"https:\/\/dentairemutualiste71.fr\/recruitment\/our-job-opportunities\/"},"modified":"2022-07-20T12:37:58","modified_gmt":"2022-07-20T10:37:58","slug":"our-job-opportunities","status":"publish","type":"page","link":"https:\/\/dentairemutualiste71.fr\/en\/recruitment\/our-job-opportunities\/","title":{"rendered":"Our job opportunities"},"content":{"rendered":"<p>[et_pb_section fb_built=&#8221;1&#8243; custom_padding_last_edited=&#8221;off|tablet&#8221; next_background_color=&#8221;#ffffff&#8221; admin_label=&#8221;Header&#8221; _builder_version=&#8221;4.17.4&#8243; background_color=&#8221;#edf2fb&#8221; background_image=&#8221;https:\/\/dentairemutualiste71.fr\/wp-content\/uploads\/recrutement4.jpg&#8221; custom_padding=&#8221;15em||15em||true|false&#8221; custom_padding_tablet=&#8221;||0vw|&#8221; bottom_divider_style=&#8221;wave&#8221; bottom_divider_height=&#8221;80%&#8221; bottom_divider_repeat=&#8221;0.6x&#8221; bottom_divider_flip=&#8221;vertical|horizontal&#8221; global_colors_info=&#8221;{}&#8221;][\/et_pb_section][et_pb_section fb_built=&#8221;1&#8243; _builder_version=&#8221;4.16&#8243; _module_preset=&#8221;default&#8221; custom_margin=&#8221;0px||0px||false|false&#8221; custom_padding=&#8221;0px||0px||false|false&#8221; global_colors_info=&#8221;{}&#8221;][et_pb_row column_structure=&#8221;1_5,3_5,1_5&#8243; _builder_version=&#8221;4.16&#8243; _module_preset=&#8221;default&#8221; custom_margin=&#8221;0px||0px||true|false&#8221; custom_padding=&#8221;0px||0px||true|false&#8221; global_colors_info=&#8221;{}&#8221;][et_pb_column type=&#8221;1_5&#8243; _builder_version=&#8221;4.16&#8243; _module_preset=&#8221;default&#8221; global_colors_info=&#8221;{}&#8221;][\/et_pb_column][et_pb_column type=&#8221;3_5&#8243; _builder_version=&#8221;4.16&#8243; _module_preset=&#8221;default&#8221; global_colors_info=&#8221;{}&#8221;][et_pb_text _builder_version=&#8221;4.16&#8243; header_font=&#8221;||||||||&#8221; header_text_align=&#8221;center&#8221; header_text_color=&#8221;#002855&#8243; header_font_size=&#8221;70px&#8221; header_letter_spacing=&#8221;1px&#8221; header_line_height=&#8221;1.2em&#8221; custom_margin=&#8221;0px||0px||true|false&#8221; custom_padding=&#8221;0px||0px||true|false&#8221; animation_style=&#8221;slide&#8221; header_font_size_tablet=&#8221;40px&#8221; header_font_size_phone=&#8221;34px&#8221; header_font_size_last_edited=&#8221;on|desktop&#8221; header_letter_spacing_tablet=&#8221;0px&#8221; header_letter_spacing_phone=&#8221;0px&#8221; header_letter_spacing_last_edited=&#8221;on|tablet&#8221; global_colors_info=&#8221;{}&#8221;]<\/p>\n<h1>Our job opportunities<\/h1>\n<p>[\/et_pb_text][et_pb_divider color=&#8221;#1b4965&#8243; divider_weight=&#8221;3px&#8221; _builder_version=&#8221;4.16&#8243; _module_preset=&#8221;default&#8221; width=&#8221;50%&#8221; module_alignment=&#8221;center&#8221; animation_style=&#8221;zoom&#8221; global_colors_info=&#8221;{}&#8221;][\/et_pb_divider][\/et_pb_column][et_pb_column type=&#8221;1_5&#8243; _builder_version=&#8221;4.16&#8243; _module_preset=&#8221;default&#8221; global_colors_info=&#8221;{}&#8221;][\/et_pb_column][\/et_pb_row][\/et_pb_section][et_pb_section fb_built=&#8221;1&#8243; admin_label=&#8221;Facilities&#8221; _builder_version=&#8221;4.16&#8243; custom_padding=&#8221;30px|||||&#8221; locked=&#8221;off&#8221; global_colors_info=&#8221;{}&#8221;][et_pb_row _builder_version=&#8221;4.16&#8243; custom_margin=&#8221;0px||||false|false&#8221; custom_padding=&#8221;0px||||false|false&#8221; global_colors_info=&#8221;{}&#8221;][et_pb_column type=&#8221;4_4&#8243; _builder_version=&#8221;4.16&#8243; custom_padding=&#8221;50px||||false|false&#8221; custom_padding_tablet=&#8221;40px||&#8221; custom_padding_phone=&#8221;&#8221; custom_padding_last_edited=&#8221;on|tablet&#8221; global_colors_info=&#8221;{}&#8221; custom_padding__hover=&#8221;|||&#8221;][et_pb_text _builder_version=&#8221;4.17.0&#8243; header_font=&#8221;||||||||&#8221; header_2_font=&#8221;||||||||&#8221; header_2_text_color=&#8221;#002855&#8243; header_2_font_size=&#8221;50px&#8221; header_2_line_height=&#8221;1.2em&#8221; custom_margin=&#8221;0px||||false|false&#8221; custom_padding=&#8221;0px||||false|false&#8221; animation_style=&#8221;slide&#8221; animation_direction=&#8221;left&#8221; header_2_font_size_tablet=&#8221;36px&#8221; header_2_font_size_phone=&#8221;28px&#8221; header_2_font_size_last_edited=&#8221;on|phone&#8221; header_2_letter_spacing_tablet=&#8221;0px&#8221; header_2_letter_spacing_phone=&#8221;0px&#8221; header_2_letter_spacing_last_edited=&#8221;off|tablet&#8221; locked=&#8221;off&#8221; global_colors_info=&#8221;{}&#8221;]<\/p>\n<h2>Apply to our dental centers<\/h2>\n<h3>Dental surgeons<\/h3>\n<p>[\/et_pb_text][et_pb_text _builder_version=&#8221;4.17.4&#8243; header_font=&#8221;||||||||&#8221; header_2_font=&#8221;||||||||&#8221; header_2_text_color=&#8221;#002855&#8243; header_2_font_size=&#8221;50px&#8221; header_2_line_height=&#8221;1.2em&#8221; header_5_font_size=&#8221;20px&#8221; custom_margin=&#8221;0px||||false|false&#8221; custom_padding=&#8221;0px||||false|false&#8221; animation_style=&#8221;slide&#8221; animation_direction=&#8221;left&#8221; header_2_font_size_tablet=&#8221;36px&#8221; header_2_font_size_phone=&#8221;28px&#8221; header_2_font_size_last_edited=&#8221;on|phone&#8221; header_2_letter_spacing_tablet=&#8221;0px&#8221; header_2_letter_spacing_phone=&#8221;0px&#8221; header_2_letter_spacing_last_edited=&#8221;off|tablet&#8221; locked=&#8221;off&#8221; global_colors_info=&#8221;{}&#8221;]<\/p>\n<h5 style=\"text-align: center;\">We are recruiting for our dental centers in Chalon-sur-Sa\u00f4ne, Gueugnon, Marcigny, Montret, M\u00e2con, Montceau-les-Mines<\/h5>\n<p>[\/et_pb_text][et_pb_blurb title=&#8221;Dental surgeon (M\/F) &#8211; Full time permanent contract&#8221; image=&#8221;https:\/\/dentairemutualiste71.fr\/wp-content\/uploads\/2021\/07\/dentist-bleu.png&#8221; icon_placement=&#8221;left&#8221; image_icon_width=&#8221;90px&#8221; content_max_width=&#8221;800px&#8221; image_icon_width_tablet=&#8221;90px&#8221; image_icon_width_phone=&#8221;60px&#8221; image_icon_width_last_edited=&#8221;on|phone&#8221; _builder_version=&#8221;4.17.4&#8243; header_font=&#8221;||||||||&#8221; header_text_color=&#8221;#1b4965&#8243; header_font_size=&#8221;26px&#8221; body_font=&#8221;||||||||&#8221; body_line_height=&#8221;2em&#8221; body_link_text_color=&#8221;#1b4965&#8243; background_color=&#8221;#ffffff&#8221; background_color_gradient_direction=&#8221;-60deg&#8221; custom_margin=&#8221;||50px&#8221; custom_padding=&#8221;30px|30px|30px|30px|true|true&#8221; animation_style=&#8221;zoom&#8221; animation=&#8221;off&#8221; header_font_size_tablet=&#8221;&#8221; header_font_size_phone=&#8221;21px&#8221; header_font_size_last_edited=&#8221;on|phone&#8221; body_font_size_tablet=&#8221;&#8221; body_font_size_phone=&#8221;14px&#8221; body_font_size_last_edited=&#8221;on|phone&#8221; body_line_height_tablet=&#8221;&#8221; body_line_height_phone=&#8221;1.8em&#8221; body_line_height_last_edited=&#8221;on|phone&#8221; border_radii=&#8221;on|6px|6px|6px|6px&#8221; box_shadow_style=&#8221;preset6&#8243; box_shadow_blur=&#8221;0px&#8221; box_shadow_spread=&#8221;2px&#8221; box_shadow_color=&#8221;rgba(0,0,0,0.1)&#8221; image_max_width=&#8221;90px&#8221; image_max_width_tablet=&#8221;&#8221; image_max_width_phone=&#8221;60px&#8221; image_max_width_last_edited=&#8221;on|phone&#8221; locked=&#8221;off&#8221; global_colors_info=&#8221;{}&#8221; transform_styles__hover_enabled=&#8221;on|hover&#8221; transform_scale__hover_enabled=&#8221;on|hover&#8221; transform_translate__hover_enabled=&#8221;on|desktop&#8221; transform_rotate__hover_enabled=&#8221;on|desktop&#8221; transform_skew__hover_enabled=&#8221;on|desktop&#8221; transform_origin__hover_enabled=&#8221;on|desktop&#8221; transform_scale__hover=&#8221;110%|110%&#8221; background__hover_enabled=&#8221;on|desktop&#8221; background_color_gradient_end__hover=&#8221;#cae9ff&#8221; use_background_color_gradient__hover=&#8221;on&#8221; background_color_gradient_start__hover=&#8221;#bee9e8&#8243; background_color_gradient_stops__hover=&#8221;#bee9e8 0%|#cae9ff 100%&#8221;]<\/p>\n<p style=\"text-align: justify;\">The French Mutuality of Saone-et-Loire, with its 400 employees, is the leading social economy company in the department. It provides appropriate responses to the health needs of the population by promoting access to quality, local care and support services. It extends its know-how in this field through multiple activities: medical-social establishments, occupational therapy, home nursing services, dental centers, optical and hearing aid stores.<\/p>\n<h4>We are recruiting, for our dental centers located in Sa\u00f4ne et Loire, a DENTAL SURGEON &#8211; EMPLOYEE STATUS (H\/F)<\/h4>\n<p><strong>Combine your professional and private life thanks to ideal working conditions:<\/strong><br \/><strong>Our dental centers are composed of :<\/strong><\/p>\n<ul>\n<li>High-performance technical platform<\/li>\n<li>Chairside assistance<\/li>\n<li>Home<\/li>\n<\/ul>\n<h4>Why join the French Mutuality Sa\u00f4ne-et-Loire SSAM :<\/h4>\n<ul>\n<li>You will have a salaried executive status with: attractive remuneration linked to the activity,<br \/>paid vacations, funding of compulsory continuing education, company mutual insurance, works council, contributions to the executive pension scheme, provident fund,<\/li>\n<li>Great autonomy of work<\/li>\n<li>A large existing patient base<\/li>\n<li>35 Hours<\/li>\n<\/ul>\n<p style=\"text-align: justify;\"><em>A company is distinguished by its skills, but also by the personalities that make it up. As part of our hiring policy, we are firmly committed to fighting all forms of discrimination. This is why all our positions are open to people with disabilities.<\/em><\/p>\n<p style=\"text-align: justify;\">Let&#8217;s meet and study together the conditions of an active collaboration.<br \/>To send your application: <a href=\"mailto:recrutement@mutualite-71.fr\">recrutement@mutualite-71.fr<\/a><\/p>\n<p>[\/et_pb_blurb][\/et_pb_column][\/et_pb_row][\/et_pb_section][et_pb_section fb_built=&#8221;1&#8243; admin_label=&#8221;Facilities&#8221; _builder_version=&#8221;4.16&#8243; custom_padding=&#8221;30px|||||&#8221; locked=&#8221;off&#8221; global_colors_info=&#8221;{}&#8221;][et_pb_row _builder_version=&#8221;4.16&#8243; custom_margin=&#8221;0px||||false|false&#8221; custom_padding=&#8221;0px||||false|false&#8221; global_colors_info=&#8221;{}&#8221;][et_pb_column type=&#8221;4_4&#8243; _builder_version=&#8221;4.16&#8243; custom_padding=&#8221;50px||||false|false&#8221; custom_padding_tablet=&#8221;40px||&#8221; custom_padding_phone=&#8221;&#8221; custom_padding_last_edited=&#8221;on|tablet&#8221; global_colors_info=&#8221;{}&#8221; custom_padding__hover=&#8221;|||&#8221;][et_pb_text _builder_version=&#8221;4.17.0&#8243; header_font=&#8221;||||||||&#8221; header_2_font=&#8221;||||||||&#8221; header_2_text_color=&#8221;#002855&#8243; header_2_font_size=&#8221;50px&#8221; header_2_line_height=&#8221;1.2em&#8221; custom_margin=&#8221;0px||||false|false&#8221; custom_padding=&#8221;0px||||false|false&#8221; animation_style=&#8221;slide&#8221; animation_direction=&#8221;left&#8221; header_2_font_size_tablet=&#8221;36px&#8221; header_2_font_size_phone=&#8221;28px&#8221; header_2_font_size_last_edited=&#8221;on|phone&#8221; header_2_letter_spacing_tablet=&#8221;0px&#8221; header_2_letter_spacing_phone=&#8221;0px&#8221; header_2_letter_spacing_last_edited=&#8221;off|tablet&#8221; locked=&#8221;off&#8221; global_colors_info=&#8221;{}&#8221;]<\/p>\n<h2>Apply to our dental centers<\/h2>\n<h3>Dental Assistants and Dental Medical Secretaries<\/h3>\n<p>[\/et_pb_text][et_pb_text _builder_version=&#8221;4.17.4&#8243; header_font=&#8221;||||||||&#8221; header_2_font=&#8221;||||||||&#8221; header_2_text_color=&#8221;#002855&#8243; header_2_font_size=&#8221;50px&#8221; header_2_line_height=&#8221;1.2em&#8221; header_5_font_size=&#8221;20px&#8221; custom_margin=&#8221;0px||||false|false&#8221; custom_padding=&#8221;0px||||false|false&#8221; animation_style=&#8221;slide&#8221; animation_direction=&#8221;left&#8221; header_2_font_size_tablet=&#8221;36px&#8221; header_2_font_size_phone=&#8221;28px&#8221; header_2_font_size_last_edited=&#8221;on|phone&#8221; header_2_letter_spacing_tablet=&#8221;0px&#8221; header_2_letter_spacing_phone=&#8221;0px&#8221; header_2_letter_spacing_last_edited=&#8221;off|tablet&#8221; locked=&#8221;off&#8221; global_colors_info=&#8221;{}&#8221;]<\/p>\n<h5 style=\"text-align: center;\">We are recruiting for our dental centers in Louhans, Charnay les M\u00e2con, Montceau-les-Mines<\/h5>\n<p>[\/et_pb_text][et_pb_blurb title=&#8221;Qualified dental assistant (M\/F) &#8211; CDI&#8221; image=&#8221;https:\/\/dentairemutualiste71.fr\/wp-content\/uploads\/dental-bleu.png&#8221; icon_placement=&#8221;left&#8221; image_icon_width=&#8221;90px&#8221; content_max_width=&#8221;800px&#8221; image_icon_width_tablet=&#8221;90px&#8221; image_icon_width_phone=&#8221;60px&#8221; image_icon_width_last_edited=&#8221;on|phone&#8221; _builder_version=&#8221;4.17.4&#8243; header_font=&#8221;||||||||&#8221; header_text_color=&#8221;#1b4965&#8243; header_font_size=&#8221;26px&#8221; body_font=&#8221;||||||||&#8221; body_line_height=&#8221;2em&#8221; body_link_text_color=&#8221;#1b4965&#8243; background_color=&#8221;#ffffff&#8221; background_color_gradient_direction=&#8221;-60deg&#8221; custom_margin=&#8221;||50px&#8221; custom_padding=&#8221;30px|30px|30px|30px|true|true&#8221; animation_style=&#8221;zoom&#8221; animation=&#8221;off&#8221; header_font_size_tablet=&#8221;&#8221; header_font_size_phone=&#8221;21px&#8221; header_font_size_last_edited=&#8221;on|phone&#8221; body_font_size_tablet=&#8221;&#8221; body_font_size_phone=&#8221;14px&#8221; body_font_size_last_edited=&#8221;on|phone&#8221; body_line_height_tablet=&#8221;&#8221; body_line_height_phone=&#8221;1.8em&#8221; body_line_height_last_edited=&#8221;on|phone&#8221; border_radii=&#8221;on|6px|6px|6px|6px&#8221; box_shadow_style=&#8221;preset6&#8243; box_shadow_blur=&#8221;0px&#8221; box_shadow_spread=&#8221;2px&#8221; box_shadow_color=&#8221;rgba(0,0,0,0.1)&#8221; image_max_width=&#8221;90px&#8221; image_max_width_tablet=&#8221;&#8221; image_max_width_phone=&#8221;60px&#8221; image_max_width_last_edited=&#8221;on|phone&#8221; locked=&#8221;off&#8221; global_colors_info=&#8221;{}&#8221; transform_styles__hover_enabled=&#8221;on|hover&#8221; transform_scale__hover_enabled=&#8221;on|hover&#8221; transform_translate__hover_enabled=&#8221;on|desktop&#8221; transform_rotate__hover_enabled=&#8221;on|desktop&#8221; transform_skew__hover_enabled=&#8221;on|desktop&#8221; transform_origin__hover_enabled=&#8221;on|desktop&#8221; transform_scale__hover=&#8221;110%|110%&#8221; background__hover_enabled=&#8221;on|desktop&#8221; background_color_gradient_end__hover=&#8221;#cae9ff&#8221; use_background_color_gradient__hover=&#8221;on&#8221; background_color_gradient_start__hover=&#8221;#bee9e8&#8243; background_color_gradient_stops__hover=&#8221;#bee9e8 0%|#cae9ff 100%&#8221;]<\/p>\n<p style=\"text-align: justify;\">The French Mutuality SAONE ET LOIRE is the first private non-profit company in the department, belonging to the Social and Solidarity Economy of the department. It brings adapted answers to the health needs of the population, by promoting access to quality and proximity care and support services.<\/p>\n<p style=\"text-align: justify;\">The French Mutuality of Sa\u00f4ne et Loire develops services in the fields of disability, optics, dentistry, and hearing aids. This offer is part of the 2500 National Mutualist Care and Support Services.<\/p>\n<h4 style=\"text-align: center;\">We are recruiting a QUALIFIED DENTAL ASSISTANT (M\/F) for our dental centers.<\/h4>\n<p>&nbsp;<\/p>\n<h4>Who will have as main missions:<\/h4>\n<ul>\n<li>Assist the practitioner in the chair<\/li>\n<li>Prepare all materials used in dentistry<\/li>\n<li>To know the indication and the use of the instruments necessary for the various<br \/>\noperating procedures<\/li>\n<li>Complete medical records as directed by the practitioner<\/li>\n<li>Prepare administrative or medical files (including computer<br \/>\nfiles)<\/li>\n<li>Liaise with the prosthesis laboratories and draw up the forms<br \/>\nof work, dispatch and acceptance of work<\/li>\n<li>Decontaminate, clean, sterilize and store equipment<\/li>\n<li>Take charge of the various administrative tasks of a health dental<br \/>\ncenter, consumable purchases.<\/li>\n<li>Telephone and physical reception of patients.<\/li>\n<\/ul>\n<h4>Profile :<\/h4>\n<p>Experience and dental assistant diploma <strong>required<\/strong>.<br \/>\n34 hours \/ 4 days<br \/>\n<strong>Position to be filled immediately.<\/strong><\/p>\n<p>Salary according to agreement.<\/p>\n<p>Are you interested in this offer? Send us your application with your CV <a href=\"mailto:recrutement@mutualite-71.fr\">recrutement@mutualite-71.fr<\/a>[\/et_pb_blurb][\/et_pb_column][\/et_pb_row][\/et_pb_section]<\/p>\n","protected":false},"excerpt":{"rendered":"<p>Our job opportunitiesApply to our dental centers Dental surgeonsWe are recruiting for our dental centers in Chalon-sur-Sa\u00f4ne, Gueugnon, Marcigny, Montret, M\u00e2con, Montceau-les-MinesThe French Mutuality of Saone-et-Loire, with its 400 employees, is the leading social economy company in the department. It provides appropriate responses to the health needs of the population by promoting access to quality, [&hellip;]<\/p>\n","protected":false},"author":1,"featured_media":0,"parent":2276,"menu_order":0,"comment_status":"closed","ping_status":"closed","template":"","meta":{"_et_pb_use_builder":"on","_et_pb_old_content":"","_et_gb_content_width":"","footnotes":""},"class_list":["post-2344","page","type-page","status-publish","hentry"],"yoast_head":"<!-- This site is optimized with the Yoast SEO plugin v27.3 - https:\/\/yoast.com\/product\/yoast-seo-wordpress\/ -->\n<title>Our job offers - French Dental Mutuality Sa\u00f4ne-et-Loire<\/title>\n<meta name=\"description\" content=\"Find all the job offers of the French Mutuality of Sa\u00f4ne-et-Loire - Dental surgeon, assistant - Dentist Sa\u00f4ne-et-Loire\" \/>\n<meta name=\"robots\" content=\"index, follow, max-snippet:-1, max-image-preview:large, max-video-preview:-1\" \/>\n<link rel=\"canonical\" href=\"https:\/\/dentairemutualiste71.fr\/en\/recruitment\/our-job-opportunities\/\" \/>\n<meta property=\"og:locale\" content=\"en_US\" \/>\n<meta property=\"og:type\" content=\"article\" \/>\n<meta property=\"og:title\" content=\"Our job offers - French Dental Mutuality Sa\u00f4ne-et-Loire\" \/>\n<meta property=\"og:description\" content=\"Find all the job offers of the French Mutuality of Sa\u00f4ne-et-Loire - Dental surgeon, assistant - Dentist Sa\u00f4ne-et-Loire\" \/>\n<meta property=\"og:url\" content=\"https:\/\/dentairemutualiste71.fr\/en\/recruitment\/our-job-opportunities\/\" \/>\n<meta property=\"og:site_name\" content=\"Mutualit\u00e9 Fran\u00e7aise de Sa\u00f4ne-et-Loire\" \/>\n<meta property=\"article:modified_time\" content=\"2022-07-20T10:37:58+00:00\" \/>\n<meta name=\"twitter:card\" content=\"summary_large_image\" \/>\n<meta name=\"twitter:label1\" content=\"Est. reading time\" \/>\n\t<meta name=\"twitter:data1\" content=\"9 minutes\" \/>\n<script type=\"application\/ld+json\" class=\"yoast-schema-graph\">{\"@context\":\"https:\\\/\\\/schema.org\",\"@graph\":[{\"@type\":\"WebPage\",\"@id\":\"https:\\\/\\\/dentairemutualiste71.fr\\\/en\\\/recruitment\\\/our-job-opportunities\\\/\",\"url\":\"https:\\\/\\\/dentairemutualiste71.fr\\\/en\\\/recruitment\\\/our-job-opportunities\\\/\",\"name\":\"Our job offers - French Dental Mutuality Sa\u00f4ne-et-Loire\",\"isPartOf\":{\"@id\":\"https:\\\/\\\/dentairemutualiste71.fr\\\/en\\\/#website\"},\"datePublished\":\"2021-07-26T13:43:23+00:00\",\"dateModified\":\"2022-07-20T10:37:58+00:00\",\"description\":\"Find all the job offers of the French Mutuality of Sa\u00f4ne-et-Loire - Dental surgeon, assistant - Dentist Sa\u00f4ne-et-Loire\",\"breadcrumb\":{\"@id\":\"https:\\\/\\\/dentairemutualiste71.fr\\\/en\\\/recruitment\\\/our-job-opportunities\\\/#breadcrumb\"},\"inLanguage\":\"en-US\",\"potentialAction\":[{\"@type\":\"ReadAction\",\"target\":[\"https:\\\/\\\/dentairemutualiste71.fr\\\/en\\\/recruitment\\\/our-job-opportunities\\\/\"]}]},{\"@type\":\"BreadcrumbList\",\"@id\":\"https:\\\/\\\/dentairemutualiste71.fr\\\/en\\\/recruitment\\\/our-job-opportunities\\\/#breadcrumb\",\"itemListElement\":[{\"@type\":\"ListItem\",\"position\":1,\"name\":\"Accueil\",\"item\":\"https:\\\/\\\/dentairemutualiste71.fr\\\/en\\\/\"},{\"@type\":\"ListItem\",\"position\":2,\"name\":\"Recruitment\",\"item\":\"https:\\\/\\\/dentairemutualiste71.fr\\\/en\\\/recruitment\\\/\"},{\"@type\":\"ListItem\",\"position\":3,\"name\":\"Our job opportunities\"}]},{\"@type\":\"WebSite\",\"@id\":\"https:\\\/\\\/dentairemutualiste71.fr\\\/en\\\/#website\",\"url\":\"https:\\\/\\\/dentairemutualiste71.fr\\\/en\\\/\",\"name\":\"Mutualit\u00e9 Fran\u00e7aise de Sa\u00f4ne-et-Loire\",\"description\":\"\",\"potentialAction\":[{\"@type\":\"SearchAction\",\"target\":{\"@type\":\"EntryPoint\",\"urlTemplate\":\"https:\\\/\\\/dentairemutualiste71.fr\\\/en\\\/?s={search_term_string}\"},\"query-input\":{\"@type\":\"PropertyValueSpecification\",\"valueRequired\":true,\"valueName\":\"search_term_string\"}}],\"inLanguage\":\"en-US\"}]}<\/script>\n<!-- \/ Yoast SEO plugin. -->","yoast_head_json":{"title":"Our job offers - French Dental Mutuality Sa\u00f4ne-et-Loire","description":"Find all the job offers of the French Mutuality of Sa\u00f4ne-et-Loire - Dental surgeon, assistant - Dentist Sa\u00f4ne-et-Loire","robots":{"index":"index","follow":"follow","max-snippet":"max-snippet:-1","max-image-preview":"max-image-preview:large","max-video-preview":"max-video-preview:-1"},"canonical":"https:\/\/dentairemutualiste71.fr\/en\/recruitment\/our-job-opportunities\/","og_locale":"en_US","og_type":"article","og_title":"Our job offers - French Dental Mutuality Sa\u00f4ne-et-Loire","og_description":"Find all the job offers of the French Mutuality of Sa\u00f4ne-et-Loire - Dental surgeon, assistant - Dentist Sa\u00f4ne-et-Loire","og_url":"https:\/\/dentairemutualiste71.fr\/en\/recruitment\/our-job-opportunities\/","og_site_name":"Mutualit\u00e9 Fran\u00e7aise de Sa\u00f4ne-et-Loire","article_modified_time":"2022-07-20T10:37:58+00:00","twitter_card":"summary_large_image","twitter_misc":{"Est. reading time":"9 minutes"},"schema":{"@context":"https:\/\/schema.org","@graph":[{"@type":"WebPage","@id":"https:\/\/dentairemutualiste71.fr\/en\/recruitment\/our-job-opportunities\/","url":"https:\/\/dentairemutualiste71.fr\/en\/recruitment\/our-job-opportunities\/","name":"Our job offers - French Dental Mutuality Sa\u00f4ne-et-Loire","isPartOf":{"@id":"https:\/\/dentairemutualiste71.fr\/en\/#website"},"datePublished":"2021-07-26T13:43:23+00:00","dateModified":"2022-07-20T10:37:58+00:00","description":"Find all the job offers of the French Mutuality of Sa\u00f4ne-et-Loire - Dental surgeon, assistant - Dentist Sa\u00f4ne-et-Loire","breadcrumb":{"@id":"https:\/\/dentairemutualiste71.fr\/en\/recruitment\/our-job-opportunities\/#breadcrumb"},"inLanguage":"en-US","potentialAction":[{"@type":"ReadAction","target":["https:\/\/dentairemutualiste71.fr\/en\/recruitment\/our-job-opportunities\/"]}]},{"@type":"BreadcrumbList","@id":"https:\/\/dentairemutualiste71.fr\/en\/recruitment\/our-job-opportunities\/#breadcrumb","itemListElement":[{"@type":"ListItem","position":1,"name":"Accueil","item":"https:\/\/dentairemutualiste71.fr\/en\/"},{"@type":"ListItem","position":2,"name":"Recruitment","item":"https:\/\/dentairemutualiste71.fr\/en\/recruitment\/"},{"@type":"ListItem","position":3,"name":"Our job opportunities"}]},{"@type":"WebSite","@id":"https:\/\/dentairemutualiste71.fr\/en\/#website","url":"https:\/\/dentairemutualiste71.fr\/en\/","name":"Mutualit\u00e9 Fran\u00e7aise de Sa\u00f4ne-et-Loire","description":"","potentialAction":[{"@type":"SearchAction","target":{"@type":"EntryPoint","urlTemplate":"https:\/\/dentairemutualiste71.fr\/en\/?s={search_term_string}"},"query-input":{"@type":"PropertyValueSpecification","valueRequired":true,"valueName":"search_term_string"}}],"inLanguage":"en-US"}]}},"_links":{"self":[{"href":"https:\/\/dentairemutualiste71.fr\/en\/wp-json\/wp\/v2\/pages\/2344","targetHints":{"allow":["GET"]}}],"collection":[{"href":"https:\/\/dentairemutualiste71.fr\/en\/wp-json\/wp\/v2\/pages"}],"about":[{"href":"https:\/\/dentairemutualiste71.fr\/en\/wp-json\/wp\/v2\/types\/page"}],"author":[{"embeddable":true,"href":"https:\/\/dentairemutualiste71.fr\/en\/wp-json\/wp\/v2\/users\/1"}],"replies":[{"embeddable":true,"href":"https:\/\/dentairemutualiste71.fr\/en\/wp-json\/wp\/v2\/comments?post=2344"}],"version-history":[{"count":2,"href":"https:\/\/dentairemutualiste71.fr\/en\/wp-json\/wp\/v2\/pages\/2344\/revisions"}],"predecessor-version":[{"id":2346,"href":"https:\/\/dentairemutualiste71.fr\/en\/wp-json\/wp\/v2\/pages\/2344\/revisions\/2346"}],"up":[{"embeddable":true,"href":"https:\/\/dentairemutualiste71.fr\/en\/wp-json\/wp\/v2\/pages\/2276"}],"wp:attachment":[{"href":"https:\/\/dentairemutualiste71.fr\/en\/wp-json\/wp\/v2\/media?parent=2344"}],"curies":[{"name":"wp","href":"https:\/\/api.w.org\/{rel}","templated":true}]}}