{"id":2380,"date":"2021-07-27T14:33:14","date_gmt":"2021-07-27T12:33:14","guid":{"rendered":"https:\/\/dentairemutualiste71.fr\/pedir-una-cita-en-linea\/"},"modified":"2022-07-25T14:34:21","modified_gmt":"2022-07-25T12:34:21","slug":"pedir-una-cita-en-linea","status":"publish","type":"page","link":"https:\/\/dentairemutualiste71.fr\/es\/pedir-una-cita-en-linea\/","title":{"rendered":"Pedir una cita en l\u00ednea"},"content":{"rendered":"<p>[et_pb_section fb_built=\u00bb1&#8243; custom_padding_last_edited=\u00bboff|desktop\u00bb next_background_color=\u00bb#ffffff\u00bb admin_label=\u00bbHeader\u00bb _builder_version=\u00bb4.17.4&#8243; background_enable_color=\u00bboff\u00bb background_image=\u00bbhttps:\/\/dentairemutualiste71.fr\/wp-content\/uploads\/rdv2.jpg\u00bb custom_padding=\u00bb15em||15em||true|false\u00bb custom_padding_tablet=\u00bb||0vw|\u00bb bottom_divider_style=\u00bbwave\u00bb bottom_divider_height=\u00bb80%\u00bb bottom_divider_repeat=\u00bb0.6x\u00bb bottom_divider_flip=\u00bbvertical|horizontal\u00bb global_colors_info=\u00bb{}\u00bb][\/et_pb_section][et_pb_section fb_built=\u00bb1&#8243; _builder_version=\u00bb4.16&#8243; _module_preset=\u00bbdefault\u00bb custom_margin=\u00bb0px||0px||false|false\u00bb custom_padding=\u00bb0px||0px||false|false\u00bb global_colors_info=\u00bb{}\u00bb][et_pb_row column_structure=\u00bb1_5,3_5,1_5&#8243; _builder_version=\u00bb4.16&#8243; _module_preset=\u00bbdefault\u00bb custom_margin=\u00bb0px||0px||true|false\u00bb custom_padding=\u00bb0px||0px||true|false\u00bb global_colors_info=\u00bb{}\u00bb][et_pb_column type=\u00bb1_5&#8243; _builder_version=\u00bb4.16&#8243; _module_preset=\u00bbdefault\u00bb global_colors_info=\u00bb{}\u00bb][\/et_pb_column][et_pb_column type=\u00bb3_5&#8243; _builder_version=\u00bb4.16&#8243; _module_preset=\u00bbdefault\u00bb global_colors_info=\u00bb{}\u00bb][et_pb_text _builder_version=\u00bb4.17.0&#8243; header_font=\u00bb||||||||\u00bb header_text_align=\u00bbcenter\u00bb header_text_color=\u00bb#002855&#8243; header_font_size=\u00bb70px\u00bb header_letter_spacing=\u00bb1px\u00bb header_line_height=\u00bb1.2em\u00bb custom_margin=\u00bb0px|-5em|0px|-5em|true|true\u00bb custom_padding=\u00bb0px||0px||true|false\u00bb animation_style=\u00bbslide\u00bb header_font_size_tablet=\u00bb40px\u00bb header_font_size_phone=\u00bb34px\u00bb header_font_size_last_edited=\u00bbon|desktop\u00bb header_letter_spacing_tablet=\u00bb0px\u00bb header_letter_spacing_phone=\u00bb0px\u00bb header_letter_spacing_last_edited=\u00bbon|tablet\u00bb global_colors_info=\u00bb{}\u00bb]<\/p>\n<h1>Pedir cita<\/h1>\n<p>[\/et_pb_text][et_pb_divider color=\u00bb#1b4965&#8243; divider_weight=\u00bb3px\u00bb _builder_version=\u00bb4.16&#8243; _module_preset=\u00bbdefault\u00bb width=\u00bb50%\u00bb module_alignment=\u00bbcenter\u00bb animation_style=\u00bbzoom\u00bb global_colors_info=\u00bb{}\u00bb][\/et_pb_divider][\/et_pb_column][et_pb_column type=\u00bb1_5&#8243; _builder_version=\u00bb4.16&#8243; _module_preset=\u00bbdefault\u00bb global_colors_info=\u00bb{}\u00bb][\/et_pb_column][\/et_pb_row][\/et_pb_section][et_pb_section fb_built=\u00bb1&#8243; admin_label=\u00bbEmail\u00bb _builder_version=\u00bb4.16&#8243; custom_padding=\u00bb0px||||false|false\u00bb global_colors_info=\u00bb{}\u00bb][et_pb_row _builder_version=\u00bb4.17.0&#8243; _module_preset=\u00bbdefault\u00bb global_colors_info=\u00bb{}\u00bb][et_pb_column type=\u00bb4_4&#8243; _builder_version=\u00bb4.17.0&#8243; _module_preset=\u00bbdefault\u00bb global_colors_info=\u00bb{}\u00bb][et_pb_text _builder_version=\u00bb4.17.6&#8243; _module_preset=\u00bbdefault\u00bb hover_enabled=\u00bb0&#8243; global_colors_info=\u00bb{}\u00bb sticky_enabled=\u00bb0&#8243;]<\/p>\n<p style=\"text-align: center;\">\u00a1Pronto sus otros centros tambi\u00e9n estar\u00e1n disponibles para las citas en l\u00ednea! Mientras tanto, puede pedir una cita por tel\u00e9fono <a href=\"https:\/\/dentairemutualiste71.fr\/es\/nuestros-centros-dentales\/\">aqu\u00ed<\/a>.<\/p>\n<p>[\/et_pb_text][\/et_pb_column][\/et_pb_row][et_pb_row _builder_version=\u00bb4.16&#8243; _module_preset=\u00bbdefault\u00bb custom_margin=\u00bb0px||0px||true|false\u00bb custom_padding=\u00bb0px||0px||true|false\u00bb animation_style=\u00bbzoom\u00bb box_shadow_style=\u00bbpreset3&#8243; global_colors_info=\u00bb{}\u00bb][et_pb_column type=\u00bb4_4&#8243; _builder_version=\u00bb4.16&#8243; _module_preset=\u00bbdefault\u00bb global_colors_info=\u00bb{}\u00bb][et_pb_code _builder_version=\u00bb4.16&#8243; _module_preset=\u00bbdefault\u00bb custom_margin=\u00bb0px||0px||true|false\u00bb custom_padding=\u00bb0px||0px||true|false\u00bb animation_style=\u00bbslide\u00bb global_colors_info=\u00bb{}\u00bb]<iframe scrolling=\"yes\" src=\"https:\/\/partners.doctolib.fr\/centre-dentaire\/chalon-sur-saone\/centre-de-sante-dentaire-mutualite-francaise-saone-et-loire\" style=\"min-height: 700px; width: 100%\"><\/iframe><script src=\"https:\/\/www.doctolib.fr\/js\/iframeResizer.js\"><\/script><script>iFrameResize()<\/script>[\/et_pb_code][\/et_pb_column][\/et_pb_row][\/et_pb_section]<\/p>\n","protected":false},"excerpt":{"rendered":"<p>Pedir cita\u00a1Pronto sus otros centros tambi\u00e9n estar\u00e1n disponibles para las citas en l\u00ednea! Mientras tanto, puede pedir una cita por tel\u00e9fono aqu\u00ed.<\/p>\n","protected":false},"author":1,"featured_media":0,"parent":0,"menu_order":0,"comment_status":"closed","ping_status":"closed","template":"","meta":{"_et_pb_use_builder":"on","_et_pb_old_content":"","_et_gb_content_width":"","footnotes":""},"class_list":["post-2380","page","type-page","status-publish","hentry"],"yoast_head":"<!-- This site is optimized with the Yoast SEO plugin v27.3 - https:\/\/yoast.com\/product\/yoast-seo-wordpress\/ -->\n<title>Pedir cita - Mutualidad Francesa - Dentista Sa\u00f4ne-et-Loire<\/title>\n<meta name=\"description\" content=\"Pida cita online en sus centros de salud bucodental mutualistas - Dentista Sa\u00f4ne-et-Loire\" \/>\n<meta name=\"robots\" content=\"index, follow, max-snippet:-1, max-image-preview:large, max-video-preview:-1\" \/>\n<link rel=\"canonical\" href=\"https:\/\/dentairemutualiste71.fr\/es\/pedir-una-cita-en-linea\/\" \/>\n<meta property=\"og:locale\" content=\"es_ES\" \/>\n<meta property=\"og:type\" content=\"article\" \/>\n<meta property=\"og:title\" content=\"Pedir cita - Mutualidad Francesa - Dentista Sa\u00f4ne-et-Loire\" \/>\n<meta property=\"og:description\" content=\"Pida cita online en sus centros de salud bucodental mutualistas - Dentista Sa\u00f4ne-et-Loire\" \/>\n<meta property=\"og:url\" content=\"https:\/\/dentairemutualiste71.fr\/es\/pedir-una-cita-en-linea\/\" \/>\n<meta property=\"og:site_name\" content=\"Mutualit\u00e9 Fran\u00e7aise de Sa\u00f4ne-et-Loire\" \/>\n<meta property=\"article:modified_time\" content=\"2022-07-25T12:34:21+00:00\" \/>\n<meta name=\"twitter:card\" content=\"summary_large_image\" \/>\n<meta name=\"twitter:label1\" content=\"Tiempo de lectura\" \/>\n\t<meta name=\"twitter:data1\" content=\"2 minutos\" \/>\n<script type=\"application\/ld+json\" class=\"yoast-schema-graph\">{\"@context\":\"https:\\\/\\\/schema.org\",\"@graph\":[{\"@type\":\"WebPage\",\"@id\":\"https:\\\/\\\/dentairemutualiste71.fr\\\/es\\\/pedir-una-cita-en-linea\\\/\",\"url\":\"https:\\\/\\\/dentairemutualiste71.fr\\\/es\\\/pedir-una-cita-en-linea\\\/\",\"name\":\"Pedir cita - Mutualidad Francesa - Dentista Sa\u00f4ne-et-Loire\",\"isPartOf\":{\"@id\":\"https:\\\/\\\/dentairemutualiste71.fr\\\/en\\\/#website\"},\"datePublished\":\"2021-07-27T12:33:14+00:00\",\"dateModified\":\"2022-07-25T12:34:21+00:00\",\"description\":\"Pida cita online en sus centros de salud bucodental mutualistas - Dentista Sa\u00f4ne-et-Loire\",\"breadcrumb\":{\"@id\":\"https:\\\/\\\/dentairemutualiste71.fr\\\/es\\\/pedir-una-cita-en-linea\\\/#breadcrumb\"},\"inLanguage\":\"es\",\"potentialAction\":[{\"@type\":\"ReadAction\",\"target\":[\"https:\\\/\\\/dentairemutualiste71.fr\\\/es\\\/pedir-una-cita-en-linea\\\/\"]}]},{\"@type\":\"BreadcrumbList\",\"@id\":\"https:\\\/\\\/dentairemutualiste71.fr\\\/es\\\/pedir-una-cita-en-linea\\\/#breadcrumb\",\"itemListElement\":[{\"@type\":\"ListItem\",\"position\":1,\"name\":\"Accueil\",\"item\":\"https:\\\/\\\/dentairemutualiste71.fr\\\/es\\\/\"},{\"@type\":\"ListItem\",\"position\":2,\"name\":\"Pedir una cita en l\u00ednea\"}]},{\"@type\":\"WebSite\",\"@id\":\"https:\\\/\\\/dentairemutualiste71.fr\\\/en\\\/#website\",\"url\":\"https:\\\/\\\/dentairemutualiste71.fr\\\/en\\\/\",\"name\":\"Mutualit\u00e9 Fran\u00e7aise de Sa\u00f4ne-et-Loire\",\"description\":\"\",\"potentialAction\":[{\"@type\":\"SearchAction\",\"target\":{\"@type\":\"EntryPoint\",\"urlTemplate\":\"https:\\\/\\\/dentairemutualiste71.fr\\\/en\\\/?s={search_term_string}\"},\"query-input\":{\"@type\":\"PropertyValueSpecification\",\"valueRequired\":true,\"valueName\":\"search_term_string\"}}],\"inLanguage\":\"es\"}]}<\/script>\n<!-- \/ Yoast SEO plugin. -->","yoast_head_json":{"title":"Pedir cita - Mutualidad Francesa - Dentista Sa\u00f4ne-et-Loire","description":"Pida cita online en sus centros de salud bucodental mutualistas - Dentista Sa\u00f4ne-et-Loire","robots":{"index":"index","follow":"follow","max-snippet":"max-snippet:-1","max-image-preview":"max-image-preview:large","max-video-preview":"max-video-preview:-1"},"canonical":"https:\/\/dentairemutualiste71.fr\/es\/pedir-una-cita-en-linea\/","og_locale":"es_ES","og_type":"article","og_title":"Pedir cita - Mutualidad Francesa - Dentista Sa\u00f4ne-et-Loire","og_description":"Pida cita online en sus centros de salud bucodental mutualistas - Dentista Sa\u00f4ne-et-Loire","og_url":"https:\/\/dentairemutualiste71.fr\/es\/pedir-una-cita-en-linea\/","og_site_name":"Mutualit\u00e9 Fran\u00e7aise de Sa\u00f4ne-et-Loire","article_modified_time":"2022-07-25T12:34:21+00:00","twitter_card":"summary_large_image","twitter_misc":{"Tiempo de lectura":"2 minutos"},"schema":{"@context":"https:\/\/schema.org","@graph":[{"@type":"WebPage","@id":"https:\/\/dentairemutualiste71.fr\/es\/pedir-una-cita-en-linea\/","url":"https:\/\/dentairemutualiste71.fr\/es\/pedir-una-cita-en-linea\/","name":"Pedir cita - Mutualidad Francesa - Dentista Sa\u00f4ne-et-Loire","isPartOf":{"@id":"https:\/\/dentairemutualiste71.fr\/en\/#website"},"datePublished":"2021-07-27T12:33:14+00:00","dateModified":"2022-07-25T12:34:21+00:00","description":"Pida cita online en sus centros de salud bucodental mutualistas - Dentista Sa\u00f4ne-et-Loire","breadcrumb":{"@id":"https:\/\/dentairemutualiste71.fr\/es\/pedir-una-cita-en-linea\/#breadcrumb"},"inLanguage":"es","potentialAction":[{"@type":"ReadAction","target":["https:\/\/dentairemutualiste71.fr\/es\/pedir-una-cita-en-linea\/"]}]},{"@type":"BreadcrumbList","@id":"https:\/\/dentairemutualiste71.fr\/es\/pedir-una-cita-en-linea\/#breadcrumb","itemListElement":[{"@type":"ListItem","position":1,"name":"Accueil","item":"https:\/\/dentairemutualiste71.fr\/es\/"},{"@type":"ListItem","position":2,"name":"Pedir una cita en l\u00ednea"}]},{"@type":"WebSite","@id":"https:\/\/dentairemutualiste71.fr\/en\/#website","url":"https:\/\/dentairemutualiste71.fr\/en\/","name":"Mutualit\u00e9 Fran\u00e7aise de Sa\u00f4ne-et-Loire","description":"","potentialAction":[{"@type":"SearchAction","target":{"@type":"EntryPoint","urlTemplate":"https:\/\/dentairemutualiste71.fr\/en\/?s={search_term_string}"},"query-input":{"@type":"PropertyValueSpecification","valueRequired":true,"valueName":"search_term_string"}}],"inLanguage":"es"}]}},"_links":{"self":[{"href":"https:\/\/dentairemutualiste71.fr\/es\/wp-json\/wp\/v2\/pages\/2380","targetHints":{"allow":["GET"]}}],"collection":[{"href":"https:\/\/dentairemutualiste71.fr\/es\/wp-json\/wp\/v2\/pages"}],"about":[{"href":"https:\/\/dentairemutualiste71.fr\/es\/wp-json\/wp\/v2\/types\/page"}],"author":[{"embeddable":true,"href":"https:\/\/dentairemutualiste71.fr\/es\/wp-json\/wp\/v2\/users\/1"}],"replies":[{"embeddable":true,"href":"https:\/\/dentairemutualiste71.fr\/es\/wp-json\/wp\/v2\/comments?post=2380"}],"version-history":[{"count":3,"href":"https:\/\/dentairemutualiste71.fr\/es\/wp-json\/wp\/v2\/pages\/2380\/revisions"}],"predecessor-version":[{"id":2642,"href":"https:\/\/dentairemutualiste71.fr\/es\/wp-json\/wp\/v2\/pages\/2380\/revisions\/2642"}],"wp:attachment":[{"href":"https:\/\/dentairemutualiste71.fr\/es\/wp-json\/wp\/v2\/media?parent=2380"}],"curies":[{"name":"wp","href":"https:\/\/api.w.org\/{rel}","templated":true}]}}