{"id":2386,"date":"2021-08-04T12:05:05","date_gmt":"2021-08-04T10:05:05","guid":{"rendered":"https:\/\/dentairemutualiste71.fr\/informacion-legal\/"},"modified":"2026-05-08T16:35:28","modified_gmt":"2026-05-08T14:35:28","slug":"informacion-legal","status":"publish","type":"page","link":"https:\/\/dentairemutualiste71.fr\/es\/informacion-legal\/","title":{"rendered":"Informaci\u00f3n legal"},"content":{"rendered":"<p>[et_pb_section fb_built=\u00bb1&#8243; custom_padding_last_edited=\u00bboff|desktop\u00bb next_background_color=\u00bb#ffffff\u00bb admin_label=\u00bbHeader\u00bb _builder_version=\u00bb4.17.4&#8243; background_color=\u00bb#edf2fb\u00bb background_image=\u00bbhttps:\/\/dentairemutualiste71.fr\/wp-content\/uploads\/contact4.jpg\u00bb custom_padding=\u00bb13em||13em||true|false\u00bb custom_padding_tablet=\u00bb||0vw|\u00bb bottom_divider_style=\u00bbwave\u00bb bottom_divider_height=\u00bb80%\u00bb bottom_divider_repeat=\u00bb0.6x\u00bb bottom_divider_flip=\u00bbvertical|horizontal\u00bb global_colors_info=\u00bb{}\u00bb][\/et_pb_section][et_pb_section fb_built=\u00bb1&#8243; _builder_version=\u00bb4.16&#8243; _module_preset=\u00bbdefault\u00bb custom_margin=\u00bb0px||0px||false|false\u00bb custom_padding=\u00bb0px||0px||false|false\u00bb global_colors_info=\u00bb{}\u00bb][et_pb_row column_structure=\u00bb1_5,3_5,1_5&#8243; _builder_version=\u00bb4.16&#8243; _module_preset=\u00bbdefault\u00bb custom_margin=\u00bb0px||0px||true|false\u00bb custom_padding=\u00bb0px||0px||true|false\u00bb global_colors_info=\u00bb{}\u00bb][et_pb_column type=\u00bb1_5&#8243; _builder_version=\u00bb4.16&#8243; _module_preset=\u00bbdefault\u00bb global_colors_info=\u00bb{}\u00bb][\/et_pb_column][et_pb_column type=\u00bb3_5&#8243; _builder_version=\u00bb4.16&#8243; _module_preset=\u00bbdefault\u00bb global_colors_info=\u00bb{}\u00bb][et_pb_text _builder_version=\u00bb4.16&#8243; header_font=\u00bb||||||||\u00bb header_text_align=\u00bbcenter\u00bb header_text_color=\u00bb#002855&#8243; header_font_size=\u00bb70px\u00bb header_letter_spacing=\u00bb1px\u00bb header_line_height=\u00bb1.2em\u00bb custom_margin=\u00bb0px||0px||true|false\u00bb custom_padding=\u00bb0px||0px||true|false\u00bb animation_style=\u00bbslide\u00bb header_font_size_tablet=\u00bb40px\u00bb header_font_size_phone=\u00bb34px\u00bb header_font_size_last_edited=\u00bbon|desktop\u00bb header_letter_spacing_tablet=\u00bb0px\u00bb header_letter_spacing_phone=\u00bb0px\u00bb header_letter_spacing_last_edited=\u00bbon|tablet\u00bb global_colors_info=\u00bb{}\u00bb]<\/p>\n<h1>Aviso legal<\/h1>\n<p>[\/et_pb_text][et_pb_divider color=\u00bb#1b4965&#8243; divider_weight=\u00bb3px\u00bb _builder_version=\u00bb4.16&#8243; _module_preset=\u00bbdefault\u00bb width=\u00bb50%\u00bb module_alignment=\u00bbcenter\u00bb animation_style=\u00bbzoom\u00bb global_colors_info=\u00bb{}\u00bb][\/et_pb_divider][\/et_pb_column][et_pb_column type=\u00bb1_5&#8243; _builder_version=\u00bb4.16&#8243; _module_preset=\u00bbdefault\u00bb global_colors_info=\u00bb{}\u00bb][\/et_pb_column][\/et_pb_row][\/et_pb_section][et_pb_section fb_built=\u00bb1&#8243; admin_label=\u00bbEmail\u00bb _builder_version=\u00bb4.16&#8243; custom_padding=\u00bb0px||150px||false|false\u00bb global_colors_info=\u00bb{}\u00bb][et_pb_row _builder_version=\u00bb4.16&#8243; _module_preset=\u00bbdefault\u00bb custom_margin=\u00bb0px||0px||true|false\u00bb custom_padding=\u00bb3em|3em|3em|3em|true|true\u00bb animation_style=\u00bbzoom\u00bb box_shadow_style=\u00bbpreset3&#8243; global_colors_info=\u00bb{}\u00bb][et_pb_column type=\u00bb4_4&#8243; _builder_version=\u00bb4.16&#8243; _module_preset=\u00bbdefault\u00bb global_colors_info=\u00bb{}\u00bb][et_pb_text _builder_version=\u00bb4.16&#8243; _module_preset=\u00bbdefault\u00bb animation_style=\u00bbslide\u00bb global_colors_info=\u00bb{}\u00bb]<\/p>\n<h4>Editor del sitio<\/h4>\n<p style=\"text-align: justify;\">Mutualit\u00e9 Fran\u00e7aise Sa\u00f4ne-et-Loire<br \/>\n29 avenue Boucicaut, 71100 Chalon-sur-Sa\u00f4ne, Francia<br \/>\nOrganismo regido por el C\u00f3digo de la Mutualidad franc\u00e9s.<\/p>\n<p style=\"text-align: justify;\">El sitio web tiene como objetivo informar sobre los centros de salud dental mutualistas de Sa\u00f4ne-et-Loire, su funcionamiento, horarios de apertura, equipos y tratamientos ofrecidos. La informaci\u00f3n descrita no puede en ning\u00fan caso sustituir la consulta, el diagn\u00f3stico de un profesional sanitario, la relaci\u00f3n entre un profesional y su paciente o un tratamiento m\u00e9dico prescrito por un profesional sanitario.<\/p>\n<p style=\"text-align: justify;\">A pesar de toda la atenci\u00f3n prestada a la descripci\u00f3n de la informaci\u00f3n disponible en este sitio, pueden producirse errores. Puede ponerse en contacto con nosotros a trav\u00e9s de la p\u00e1gina <a href=\"https:\/\/dentairemutualiste71.fr\/es\/contacto\/\">Contacto<\/a>.<\/p>\n<h4>P\u00fablico destinatario<\/h4>\n<p style=\"text-align: justify;\">Personas f\u00edsicas, pacientes de los centros dentales mutualistas, internautas, p\u00fablico que busca informaci\u00f3n sobre cuidados dentales.<br \/>\nEn ning\u00fan caso este sitio pretende sustituir la relaci\u00f3n entre un profesional y su paciente. El contenido disponible en este sitio tiene como objetivo mejorar la informaci\u00f3n general entre profesionales y pacientes o visitantes.<\/p>\n<h4>Alojamiento del sitio<\/h4>\n<p style=\"text-align: justify;\">Substances Actives SAS, editor t\u00e9cnico y operador inform\u00e1tico del sitio, garantiza el alojamiento en la infraestructura de:<br \/>\nScaleway SAS<br \/>\n8 rue de la Ville l&#8217;\u00c9v\u00eaque, 75008 Par\u00eds, Francia<br \/>\nLos servidores que alojan este sitio y la soluci\u00f3n de medici\u00f3n de audiencia asociada se encuentran en Francia. No se realiza ninguna transferencia de datos fuera de la Uni\u00f3n Europea en el funcionamiento normal del sitio.<\/p>\n<h4>Mantenimiento t\u00e9cnico y proveedores<\/h4>\n<p style=\"text-align: justify;\">Substances Actives SAS \u2014 36 rue des Petits Champs, 75002 Par\u00eds, Francia \u2014 proporciona, como editor t\u00e9cnico e infogestor, el dise\u00f1o, alojamiento, mantenimiento y evoluci\u00f3n del sitio web por cuenta del responsable del tratamiento (Mutualit\u00e9 Fran\u00e7aise Sa\u00f4ne-et-Loire).<\/p>\n<p style=\"text-align: justify;\">Las notificaciones por correo electr\u00f3nico (env\u00edo de mensajes de contacto) se enrutan a trav\u00e9s de Mailgun Technologies Ireland Ltd, proveedor de env\u00edo de correos electr\u00f3nicos establecido en Irlanda y que opera desde la Uni\u00f3n Europea (centro de datos de Frankfurt).<\/p>\n<h4>Redacci\u00f3n del contenido<\/h4>\n<p style=\"text-align: justify;\">El contenido editorial m\u00e9dico y general se elabora con la colaboraci\u00f3n del comit\u00e9 cient\u00edfico de Substances Actives SAS, compuesto a partes iguales por cirujanos dentistas. La Mutualit\u00e9 Fran\u00e7aise Sa\u00f4ne-et-Loire es responsable de la informaci\u00f3n publicada en este sitio, en particular la relativa a sus centros dentales, su organizaci\u00f3n y sus equipos.<\/p>\n<h4>Financiaci\u00f3n del sitio<\/h4>\n<p style=\"text-align: justify;\">Este sitio web est\u00e1 financiado exclusivamente por Mutualit\u00e9 Fran\u00e7aise Sa\u00f4ne-et-Loire. No existe ninguna otra fuente de financiaci\u00f3n y no se muestra publicidad alguna.<\/p>\n<h4>Propiedad intelectual<\/h4>\n<p style=\"text-align: justify;\">Todos los elementos del presente sitio (textos, im\u00e1genes, v\u00eddeos, logotipos, marcas, maquetaciones) pertenecen a Mutualit\u00e9 Fran\u00e7aise Sa\u00f4ne-et-Loire y\/o a Substances Actives SAS, salvo las marcas, logotipos o contenidos pertenecientes a otras sociedades o autores.<br \/>\nCualquier copia o reproducci\u00f3n total o parcial de estos elementos, sin la autorizaci\u00f3n expresa por escrito de los titulares de los derechos, est\u00e1 rigurosamente prohibida y constituye una infracci\u00f3n. El usuario se proh\u00edbe en particular modificar, copiar, reproducir, descargar, difundir, transmitir, explotar comercialmente o no, distribuir todo o parte de los elementos de estructura o contenido del sitio, sin esta autorizaci\u00f3n expresa.<\/p>\n<h4>Datos personales \u2014 Informaci\u00f3n RGPD<\/h4>\n<p style=\"text-align: justify;\">Responsable del tratamiento: Mutualit\u00e9 Fran\u00e7aise Sa\u00f4ne-et-Loire \u2014 29 avenue Boucicaut, 71100 Chalon-sur-Sa\u00f4ne, Francia.<\/p>\n<p style=\"text-align: justify;\">Contacto para cuestiones relacionadas con la protecci\u00f3n de datos: Mutualit\u00e9 Fran\u00e7aise Sa\u00f4ne-et-Loire \u2014 29 avenue Boucicaut, 71100 Chalon-sur-Sa\u00f4ne.<\/p>\n<p style=\"text-align: justify;\">Datos recogidos y finalidades:<\/p>\n<ul style=\"text-align: justify;\">\n<li>Medici\u00f3n de audiencia (Matomo): datos t\u00e9cnicos anonimizados (direcci\u00f3n IP enmascarada en los dos \u00faltimos octetos, p\u00e1gina consultada, duraci\u00f3n de la visita, navegador, fuente de visita). Finalidad: producci\u00f3n de estad\u00edsticas an\u00f3nimas de tr\u00e1fico. Base legal: inter\u00e9s leg\u00edtimo (art\u00edculo 6.1.f del RGPD), en el marco del r\u00e9gimen de exenci\u00f3n de consentimiento definido por la deliberaci\u00f3n CNIL n\u00b02020-091 del 17 de septiembre de 2020.<\/li>\n<li>Formularios de contacto y de cita: nombre, apellido, ciudad, correo electr\u00f3nico, tel\u00e9fono, mensaje libre, centro dental concerned. Finalidad: gesti\u00f3n de su solicitud y organizaci\u00f3n de su cita. Base legal: medidas precontractuales o contractuales a su solicitud (art\u00edculo 6.1.b del RGPD).<\/li>\n<\/ul>\n<p style=\"text-align: justify;\">Destinatarios de los datos: los datos procedentes de los formularios se transmiten a la secretar\u00eda de los centros dentales mutualistas (Mutualit\u00e9 Fran\u00e7aise Sa\u00f4ne-et-Loire). No se transmiten datos a terceros con fines comerciales o publicitarios.<\/p>\n<p style=\"text-align: justify;\">Subencargados t\u00e9cnicos:<\/p>\n<ul style=\"text-align: justify;\">\n<li>Substances Actives SAS (editor t\u00e9cnico, alojamiento, mantenimiento, gesti\u00f3n inform\u00e1tica);<\/li>\n<li>Scaleway SAS (alojamiento f\u00edsico de los servidores en Francia);<\/li>\n<li>Mailgun Technologies Ireland Ltd (entrega de notificaciones por correo electr\u00f3nico, centro de datos UE).<\/li>\n<\/ul>\n<p style=\"text-align: justify;\">Plazo de conservaci\u00f3n:<\/p>\n<ul style=\"text-align: justify;\">\n<li>Datos de medici\u00f3n de audiencia (Matomo): m\u00e1ximo 25 meses (recomendaci\u00f3n CNIL);<\/li>\n<li>Env\u00edos de formularios de contacto y de cita: 3 a\u00f1os desde el \u00faltimo contacto;<\/li>\n<li>Registros t\u00e9cnicos de conexi\u00f3n al servidor: m\u00e1ximo 12 meses (obligaci\u00f3n legal).<\/li>\n<\/ul>\n<p style=\"text-align: justify;\">Transferencias fuera de la Uni\u00f3n Europea: no se realiza ninguna transferencia de datos personales fuera de la Uni\u00f3n Europea en el funcionamiento est\u00e1ndar del sitio. Solo una funcionalidad opcional, la visita virtual de Google Street View, puede provocar una transferencia hacia los Estados Unidos: est\u00e1 desactivada por defecto y solo se carga tras un clic expl\u00edcito del usuario (v\u00e9ase el p\u00e1rrafo siguiente).<\/p>\n<p style=\"text-align: justify;\">Sus derechos: usted dispone de un derecho de acceso, rectificaci\u00f3n, supresi\u00f3n, limitaci\u00f3n, oposici\u00f3n al tratamiento y portabilidad de los datos personales que le conciernen, as\u00ed como del derecho a definir directrices relativas al destino de sus datos tras su fallecimiento (art\u00edculo 85 de la Ley francesa de Inform\u00e1tica y Libertades).<\/p>\n<p style=\"text-align: justify;\">Para ejercer sus derechos: puede dirigir su solicitud, acompa\u00f1ada de un justificante de identidad, por correo postal a:<br \/>\nMutualit\u00e9 Fran\u00e7aise Sa\u00f4ne-et-Loire<br \/>\nA la atenci\u00f3n del Sr. Patrick Zubiria<br \/>\n29 avenue Boucicaut, 71100 Chalon-sur-Sa\u00f4ne, Francia<\/p>\n<p style=\"text-align: justify;\">Reclamaci\u00f3n ante la autoridad de control: si considera que el tratamiento de sus datos no respeta la normativa, tiene derecho a presentar una reclamaci\u00f3n ante la autoridad francesa de protecci\u00f3n de datos (CNIL), 3 place de Fontenoy, TSA 80715, 75334 Par\u00eds CEDEX 07 \u2014 <a href=\"https:\/\/www.cnil.fr\" target=\"_blank\" rel=\"noopener\">www.cnil.fr<\/a>.<\/p>\n<h4>Cookies<\/h4>\n<p style=\"text-align: justify;\">Este sitio utiliza un n\u00famero m\u00ednimo de cookies, todas estrictamente necesarias para su funcionamiento o exentas de consentimiento en virtud del art\u00edculo 82 de la Ley francesa de Inform\u00e1tica y Libertades:<\/p>\n<ul style=\"text-align: justify;\">\n<li>wp-wpml_current_language: cookie t\u00e9cnica que memoriza el idioma elegido para la navegaci\u00f3n (duraci\u00f3n: 1 d\u00eda);<\/li>\n<li>mtm_consent_removed: cookie depositada \u00fanicamente si hace clic en el bot\u00f3n \u00abRechazar el seguimiento estad\u00edstico\u00bb a continuaci\u00f3n, para recordar su rechazo (duraci\u00f3n: 30 a\u00f1os).<\/li>\n<\/ul>\n<p style=\"text-align: justify;\">No se depositan cookies de perfilado, de medici\u00f3n publicitaria, de redes sociales ni de proveedores externos con fines comerciales.<\/p>\n<p style=\"text-align: justify;\"><em>\u00daltima actualizaci\u00f3n: 8 de mayo de 2026<\/em><\/p>\n<p>[\/et_pb_text][\/et_pb_column][\/et_pb_row][\/et_pb_section]<\/p>\n","protected":false},"excerpt":{"rendered":"<p>Aviso legal Editor del sitio Mutualit\u00e9 Fran\u00e7aise Sa\u00f4ne-et-Loire 29 avenue Boucicaut, 71100 Chalon-sur-Sa\u00f4ne, Francia Organismo regido por el C\u00f3digo de la Mutualidad franc\u00e9s. El sitio web tiene como objetivo informar sobre los centros de salud dental mutualistas de Sa\u00f4ne-et-Loire, su funcionamiento, horarios de apertura, equipos y tratamientos ofrecidos. La informaci\u00f3n descrita no puede en ning\u00fan [&hellip;]<\/p>\n","protected":false},"author":1,"featured_media":0,"parent":0,"menu_order":0,"comment_status":"closed","ping_status":"closed","template":"","meta":{"_et_pb_use_builder":"on","_et_pb_old_content":"","_et_gb_content_width":"","footnotes":""},"class_list":["post-2386","page","type-page","status-publish","hentry"],"yoast_head":"<!-- This site is optimized with the Yoast SEO plugin v27.5 - https:\/\/yoast.com\/product\/yoast-seo-wordpress\/ -->\n<title>Informaci\u00f3n legal - Mutualidad Dental Francesa - Dentista Sa\u00f4ne-et-Loire<\/title>\n<meta name=\"description\" content=\"Las cl\u00ednicas de salud dental est\u00e1n comprometidas con un enfoque de calidad basado en las buenas pr\u00e1cticas identificadas por la AAS - Dentista Sa\u00f4ne-et-Loire\" \/>\n<meta name=\"robots\" content=\"index, follow, max-snippet:-1, max-image-preview:large, max-video-preview:-1\" \/>\n<link rel=\"canonical\" href=\"https:\/\/dentairemutualiste71.fr\/mentions-legales\/\" \/>\n<meta property=\"og:locale\" content=\"es_ES\" \/>\n<meta property=\"og:type\" content=\"article\" \/>\n<meta property=\"og:title\" content=\"Informaci\u00f3n legal - Mutualidad Dental Francesa - Dentista Sa\u00f4ne-et-Loire\" \/>\n<meta property=\"og:description\" content=\"Las cl\u00ednicas de salud dental est\u00e1n comprometidas con un enfoque de calidad basado en las buenas pr\u00e1cticas identificadas por la AAS - Dentista Sa\u00f4ne-et-Loire\" \/>\n<meta property=\"og:url\" content=\"https:\/\/dentairemutualiste71.fr\/mentions-legales\/\" \/>\n<meta property=\"og:site_name\" content=\"Mutualit\u00e9 Fran\u00e7aise de Sa\u00f4ne-et-Loire\" \/>\n<meta property=\"article:modified_time\" content=\"2026-05-08T14:35:28+00:00\" \/>\n<meta name=\"twitter:card\" content=\"summary_large_image\" \/>\n<meta name=\"twitter:label1\" content=\"Tiempo de lectura\" \/>\n\t<meta name=\"twitter:data1\" content=\"8 minutos\" \/>\n<script type=\"application\/ld+json\" class=\"yoast-schema-graph\">{\"@context\":\"https:\\\/\\\/schema.org\",\"@graph\":[{\"@type\":\"WebPage\",\"@id\":\"https:\\\/\\\/dentairemutualiste71.fr\\\/mentions-legales\\\/\",\"url\":\"https:\\\/\\\/dentairemutualiste71.fr\\\/mentions-legales\\\/\",\"name\":\"Informaci\u00f3n legal - Mutualidad Dental Francesa - Dentista Sa\u00f4ne-et-Loire\",\"isPartOf\":{\"@id\":\"https:\\\/\\\/dentairemutualiste71.fr\\\/en\\\/#website\"},\"datePublished\":\"2021-08-04T10:05:05+00:00\",\"dateModified\":\"2026-05-08T14:35:28+00:00\",\"description\":\"Las cl\u00ednicas de salud dental est\u00e1n comprometidas con un enfoque de calidad basado en las buenas pr\u00e1cticas identificadas por la AAS - Dentista Sa\u00f4ne-et-Loire\",\"breadcrumb\":{\"@id\":\"https:\\\/\\\/dentairemutualiste71.fr\\\/mentions-legales\\\/#breadcrumb\"},\"inLanguage\":\"es\",\"potentialAction\":[{\"@type\":\"ReadAction\",\"target\":[\"https:\\\/\\\/dentairemutualiste71.fr\\\/mentions-legales\\\/\"]}]},{\"@type\":\"BreadcrumbList\",\"@id\":\"https:\\\/\\\/dentairemutualiste71.fr\\\/mentions-legales\\\/#breadcrumb\",\"itemListElement\":[{\"@type\":\"ListItem\",\"position\":1,\"name\":\"Accueil\",\"item\":\"https:\\\/\\\/dentairemutualiste71.fr\\\/es\\\/\"},{\"@type\":\"ListItem\",\"position\":2,\"name\":\"Informaci\u00f3n legal\"}]},{\"@type\":\"WebSite\",\"@id\":\"https:\\\/\\\/dentairemutualiste71.fr\\\/en\\\/#website\",\"url\":\"https:\\\/\\\/dentairemutualiste71.fr\\\/en\\\/\",\"name\":\"Mutualit\u00e9 Fran\u00e7aise de Sa\u00f4ne-et-Loire\",\"description\":\"\",\"potentialAction\":[{\"@type\":\"SearchAction\",\"target\":{\"@type\":\"EntryPoint\",\"urlTemplate\":\"https:\\\/\\\/dentairemutualiste71.fr\\\/en\\\/?s={search_term_string}\"},\"query-input\":{\"@type\":\"PropertyValueSpecification\",\"valueRequired\":true,\"valueName\":\"search_term_string\"}}],\"inLanguage\":\"es\"}]}<\/script>\n<!-- \/ Yoast SEO plugin. -->","yoast_head_json":{"title":"Informaci\u00f3n legal - Mutualidad Dental Francesa - Dentista Sa\u00f4ne-et-Loire","description":"Las cl\u00ednicas de salud dental est\u00e1n comprometidas con un enfoque de calidad basado en las buenas pr\u00e1cticas identificadas por la AAS - Dentista Sa\u00f4ne-et-Loire","robots":{"index":"index","follow":"follow","max-snippet":"max-snippet:-1","max-image-preview":"max-image-preview:large","max-video-preview":"max-video-preview:-1"},"canonical":"https:\/\/dentairemutualiste71.fr\/mentions-legales\/","og_locale":"es_ES","og_type":"article","og_title":"Informaci\u00f3n legal - Mutualidad Dental Francesa - Dentista Sa\u00f4ne-et-Loire","og_description":"Las cl\u00ednicas de salud dental est\u00e1n comprometidas con un enfoque de calidad basado en las buenas pr\u00e1cticas identificadas por la AAS - Dentista Sa\u00f4ne-et-Loire","og_url":"https:\/\/dentairemutualiste71.fr\/mentions-legales\/","og_site_name":"Mutualit\u00e9 Fran\u00e7aise de Sa\u00f4ne-et-Loire","article_modified_time":"2026-05-08T14:35:28+00:00","twitter_card":"summary_large_image","twitter_misc":{"Tiempo de lectura":"8 minutos"},"schema":{"@context":"https:\/\/schema.org","@graph":[{"@type":"WebPage","@id":"https:\/\/dentairemutualiste71.fr\/mentions-legales\/","url":"https:\/\/dentairemutualiste71.fr\/mentions-legales\/","name":"Informaci\u00f3n legal - Mutualidad Dental Francesa - Dentista Sa\u00f4ne-et-Loire","isPartOf":{"@id":"https:\/\/dentairemutualiste71.fr\/en\/#website"},"datePublished":"2021-08-04T10:05:05+00:00","dateModified":"2026-05-08T14:35:28+00:00","description":"Las cl\u00ednicas de salud dental est\u00e1n comprometidas con un enfoque de calidad basado en las buenas pr\u00e1cticas identificadas por la AAS - Dentista Sa\u00f4ne-et-Loire","breadcrumb":{"@id":"https:\/\/dentairemutualiste71.fr\/mentions-legales\/#breadcrumb"},"inLanguage":"es","potentialAction":[{"@type":"ReadAction","target":["https:\/\/dentairemutualiste71.fr\/mentions-legales\/"]}]},{"@type":"BreadcrumbList","@id":"https:\/\/dentairemutualiste71.fr\/mentions-legales\/#breadcrumb","itemListElement":[{"@type":"ListItem","position":1,"name":"Accueil","item":"https:\/\/dentairemutualiste71.fr\/es\/"},{"@type":"ListItem","position":2,"name":"Informaci\u00f3n legal"}]},{"@type":"WebSite","@id":"https:\/\/dentairemutualiste71.fr\/en\/#website","url":"https:\/\/dentairemutualiste71.fr\/en\/","name":"Mutualit\u00e9 Fran\u00e7aise de Sa\u00f4ne-et-Loire","description":"","potentialAction":[{"@type":"SearchAction","target":{"@type":"EntryPoint","urlTemplate":"https:\/\/dentairemutualiste71.fr\/en\/?s={search_term_string}"},"query-input":{"@type":"PropertyValueSpecification","valueRequired":true,"valueName":"search_term_string"}}],"inLanguage":"es"}]}},"_links":{"self":[{"href":"https:\/\/dentairemutualiste71.fr\/es\/wp-json\/wp\/v2\/pages\/2386","targetHints":{"allow":["GET"]}}],"collection":[{"href":"https:\/\/dentairemutualiste71.fr\/es\/wp-json\/wp\/v2\/pages"}],"about":[{"href":"https:\/\/dentairemutualiste71.fr\/es\/wp-json\/wp\/v2\/types\/page"}],"author":[{"embeddable":true,"href":"https:\/\/dentairemutualiste71.fr\/es\/wp-json\/wp\/v2\/users\/1"}],"replies":[{"embeddable":true,"href":"https:\/\/dentairemutualiste71.fr\/es\/wp-json\/wp\/v2\/comments?post=2386"}],"version-history":[{"count":4,"href":"https:\/\/dentairemutualiste71.fr\/es\/wp-json\/wp\/v2\/pages\/2386\/revisions"}],"predecessor-version":[{"id":3228,"href":"https:\/\/dentairemutualiste71.fr\/es\/wp-json\/wp\/v2\/pages\/2386\/revisions\/3228"}],"wp:attachment":[{"href":"https:\/\/dentairemutualiste71.fr\/es\/wp-json\/wp\/v2\/media?parent=2386"}],"curies":[{"name":"wp","href":"https:\/\/api.w.org\/{rel}","templated":true}]}}