{"id":2436,"date":"2021-07-26T15:43:23","date_gmt":"2021-07-26T13:43:23","guid":{"rendered":"https:\/\/dentairemutualiste71.fr\/contratacion\/nuestras-ofertas\/"},"modified":"2022-07-21T16:27:02","modified_gmt":"2022-07-21T14:27:02","slug":"nuestras-ofertas","status":"publish","type":"page","link":"https:\/\/dentairemutualiste71.fr\/es\/contratacion\/nuestras-ofertas\/","title":{"rendered":"Nuestras ofertas"},"content":{"rendered":"<p>[et_pb_section fb_built=\u00bb1&#8243; custom_padding_last_edited=\u00bboff|tablet\u00bb next_background_color=\u00bb#ffffff\u00bb admin_label=\u00bbHeader\u00bb _builder_version=\u00bb4.17.4&#8243; background_color=\u00bb#edf2fb\u00bb background_image=\u00bbhttps:\/\/dentairemutualiste71.fr\/wp-content\/uploads\/recrutement4.jpg\u00bb custom_padding=\u00bb15em||15em||true|false\u00bb custom_padding_tablet=\u00bb||0vw|\u00bb bottom_divider_style=\u00bbwave\u00bb bottom_divider_height=\u00bb80%\u00bb bottom_divider_repeat=\u00bb0.6x\u00bb bottom_divider_flip=\u00bbvertical|horizontal\u00bb global_colors_info=\u00bb{}\u00bb][\/et_pb_section][et_pb_section fb_built=\u00bb1&#8243; _builder_version=\u00bb4.16&#8243; _module_preset=\u00bbdefault\u00bb custom_margin=\u00bb0px||0px||false|false\u00bb custom_padding=\u00bb0px||0px||false|false\u00bb global_colors_info=\u00bb{}\u00bb][et_pb_row column_structure=\u00bb1_5,3_5,1_5&#8243; _builder_version=\u00bb4.16&#8243; _module_preset=\u00bbdefault\u00bb custom_margin=\u00bb0px||0px||true|false\u00bb custom_padding=\u00bb0px||0px||true|false\u00bb global_colors_info=\u00bb{}\u00bb][et_pb_column type=\u00bb1_5&#8243; _builder_version=\u00bb4.16&#8243; _module_preset=\u00bbdefault\u00bb global_colors_info=\u00bb{}\u00bb][\/et_pb_column][et_pb_column type=\u00bb3_5&#8243; _builder_version=\u00bb4.16&#8243; _module_preset=\u00bbdefault\u00bb global_colors_info=\u00bb{}\u00bb][et_pb_text _builder_version=\u00bb4.16&#8243; header_font=\u00bb||||||||\u00bb header_text_align=\u00bbcenter\u00bb header_text_color=\u00bb#002855&#8243; header_font_size=\u00bb70px\u00bb header_letter_spacing=\u00bb1px\u00bb header_line_height=\u00bb1.2em\u00bb custom_margin=\u00bb0px||0px||true|false\u00bb custom_padding=\u00bb0px||0px||true|false\u00bb animation_style=\u00bbslide\u00bb header_font_size_tablet=\u00bb40px\u00bb header_font_size_phone=\u00bb34px\u00bb header_font_size_last_edited=\u00bbon|desktop\u00bb header_letter_spacing_tablet=\u00bb0px\u00bb header_letter_spacing_phone=\u00bb0px\u00bb header_letter_spacing_last_edited=\u00bbon|tablet\u00bb global_colors_info=\u00bb{}\u00bb]<\/p>\n<h1>Nuestras ofertas de trabajo<\/h1>\n<p>[\/et_pb_text][et_pb_divider color=\u00bb#1b4965&#8243; divider_weight=\u00bb3px\u00bb _builder_version=\u00bb4.16&#8243; _module_preset=\u00bbdefault\u00bb width=\u00bb50%\u00bb module_alignment=\u00bbcenter\u00bb animation_style=\u00bbzoom\u00bb global_colors_info=\u00bb{}\u00bb][\/et_pb_divider][\/et_pb_column][et_pb_column type=\u00bb1_5&#8243; _builder_version=\u00bb4.16&#8243; _module_preset=\u00bbdefault\u00bb global_colors_info=\u00bb{}\u00bb][\/et_pb_column][\/et_pb_row][\/et_pb_section][et_pb_section fb_built=\u00bb1&#8243; admin_label=\u00bbFacilities\u00bb _builder_version=\u00bb4.16&#8243; custom_padding=\u00bb30px|||||\u00bb locked=\u00bboff\u00bb global_colors_info=\u00bb{}\u00bb][et_pb_row _builder_version=\u00bb4.16&#8243; custom_margin=\u00bb0px||||false|false\u00bb custom_padding=\u00bb0px||||false|false\u00bb global_colors_info=\u00bb{}\u00bb][et_pb_column type=\u00bb4_4&#8243; _builder_version=\u00bb4.16&#8243; custom_padding=\u00bb50px||||false|false\u00bb custom_padding_tablet=\u00bb40px||\u00bb custom_padding_phone=\u00bb\u00bb custom_padding_last_edited=\u00bbon|tablet\u00bb global_colors_info=\u00bb{}\u00bb custom_padding__hover=\u00bb|||\u00bb][et_pb_text _builder_version=\u00bb4.17.0&#8243; header_font=\u00bb||||||||\u00bb header_2_font=\u00bb||||||||\u00bb header_2_text_color=\u00bb#002855&#8243; header_2_font_size=\u00bb50px\u00bb header_2_line_height=\u00bb1.2em\u00bb custom_margin=\u00bb0px||||false|false\u00bb custom_padding=\u00bb0px||||false|false\u00bb animation_style=\u00bbslide\u00bb animation_direction=\u00bbleft\u00bb header_2_font_size_tablet=\u00bb36px\u00bb header_2_font_size_phone=\u00bb28px\u00bb header_2_font_size_last_edited=\u00bbon|phone\u00bb header_2_letter_spacing_tablet=\u00bb0px\u00bb header_2_letter_spacing_phone=\u00bb0px\u00bb header_2_letter_spacing_last_edited=\u00bboff|tablet\u00bb locked=\u00bboff\u00bb global_colors_info=\u00bb{}\u00bb]<\/p>\n<h2>Solicite nuestras instalaciones dentales<\/h2>\n<h3>Cirujanos dentales<\/h3>\n<p>[\/et_pb_text][et_pb_text _builder_version=\u00bb4.17.4&#8243; header_font=\u00bb||||||||\u00bb header_2_font=\u00bb||||||||\u00bb header_2_text_color=\u00bb#002855&#8243; header_2_font_size=\u00bb50px\u00bb header_2_line_height=\u00bb1.2em\u00bb header_5_font_size=\u00bb20px\u00bb custom_margin=\u00bb0px||||false|false\u00bb custom_padding=\u00bb0px||||false|false\u00bb animation_style=\u00bbslide\u00bb animation_direction=\u00bbleft\u00bb header_2_font_size_tablet=\u00bb36px\u00bb header_2_font_size_phone=\u00bb28px\u00bb header_2_font_size_last_edited=\u00bbon|phone\u00bb header_2_letter_spacing_tablet=\u00bb0px\u00bb header_2_letter_spacing_phone=\u00bb0px\u00bb header_2_letter_spacing_last_edited=\u00bboff|tablet\u00bb locked=\u00bboff\u00bb global_colors_info=\u00bb{}\u00bb]<\/p>\n<h5 style=\"text-align: center;\">Estamos reclutando para nuestros centros dentales de Chalon-sur-Sa\u00f4ne, Gueugnon, Marcigny, Montret, M\u00e2con, Montceau-les-Mines<\/h5>\n<p>[\/et_pb_text][et_pb_blurb title=\u00bbCirujano dental (H\/M) &#8211; Contrato permanente a tiempo completo\u00bb image=\u00bbhttps:\/\/dentairemutualiste71.fr\/wp-content\/uploads\/2021\/07\/dentist-bleu.png\u00bb icon_placement=\u00bbleft\u00bb image_icon_width=\u00bb90px\u00bb content_max_width=\u00bb800px\u00bb image_icon_width_tablet=\u00bb90px\u00bb image_icon_width_phone=\u00bb60px\u00bb image_icon_width_last_edited=\u00bbon|phone\u00bb _builder_version=\u00bb4.17.4&#8243; header_font=\u00bb||||||||\u00bb header_text_color=\u00bb#1b4965&#8243; header_font_size=\u00bb26px\u00bb body_font=\u00bb||||||||\u00bb body_line_height=\u00bb2em\u00bb body_link_text_color=\u00bb#1b4965&#8243; background_color=\u00bb#ffffff\u00bb background_color_gradient_direction=\u00bb-60deg\u00bb custom_margin=\u00bb||50px\u00bb custom_padding=\u00bb30px|30px|30px|30px|true|true\u00bb animation_style=\u00bbzoom\u00bb animation=\u00bboff\u00bb header_font_size_tablet=\u00bb\u00bb header_font_size_phone=\u00bb21px\u00bb header_font_size_last_edited=\u00bbon|phone\u00bb body_font_size_tablet=\u00bb\u00bb body_font_size_phone=\u00bb14px\u00bb body_font_size_last_edited=\u00bbon|phone\u00bb body_line_height_tablet=\u00bb\u00bb body_line_height_phone=\u00bb1.8em\u00bb body_line_height_last_edited=\u00bbon|phone\u00bb border_radii=\u00bbon|6px|6px|6px|6px\u00bb box_shadow_style=\u00bbpreset6&#8243; box_shadow_blur=\u00bb0px\u00bb box_shadow_spread=\u00bb2px\u00bb box_shadow_color=\u00bbrgba(0,0,0,0.1)\u00bb image_max_width=\u00bb90px\u00bb image_max_width_tablet=\u00bb\u00bb image_max_width_phone=\u00bb60px\u00bb image_max_width_last_edited=\u00bbon|phone\u00bb locked=\u00bboff\u00bb global_colors_info=\u00bb{}\u00bb transform_styles__hover_enabled=\u00bbon|hover\u00bb transform_scale__hover_enabled=\u00bbon|hover\u00bb transform_translate__hover_enabled=\u00bbon|desktop\u00bb transform_rotate__hover_enabled=\u00bbon|desktop\u00bb transform_skew__hover_enabled=\u00bbon|desktop\u00bb transform_origin__hover_enabled=\u00bbon|desktop\u00bb transform_scale__hover=\u00bb110%|110%\u00bb background__hover_enabled=\u00bbon|desktop\u00bb background_color_gradient_end__hover=\u00bb#cae9ff\u00bb use_background_color_gradient__hover=\u00bbon\u00bb background_color_gradient_start__hover=\u00bb#bee9e8&#8243; background_color_gradient_stops__hover=\u00bb#bee9e8 0%|#cae9ff 100%\u00bb]<\/p>\n<p style=\"text-align: justify;\">Como primera empresa de econom\u00eda social del departamento, la Mutualidad Francesa SAONE ET LOIRE, con sus 400 empleados, da respuestas adecuadas a las necesidades sanitarias de la poblaci\u00f3n, promoviendo el acceso a servicios de asistencia y apoyo de calidad y de proximidad. Extiende sus conocimientos en este campo a trav\u00e9s de m\u00faltiples actividades: establecimientos m\u00e9dicos y sociales, terapia ocupacional, servicios de enfermer\u00eda a domicilio, centros dentales, tiendas de \u00f3ptica y aud\u00edfonos.<\/p>\n<h4>Estamos reclutando para nuestros centros dentales en la regi\u00f3n de Sa\u00f4ne et Loire un CIRUJANO DENTAL &#8211; DENTISTAS &#8211; SALARIO (M\/F)<\/h4>\n<p><strong>Combine su vida profesional y privada gracias a unas condiciones de trabajo ideales:<\/strong><br \/><strong>Nuestros centros dentales se componen de :<\/strong><\/p>\n<ul>\n<li>Plataforma t\u00e9cnica de alto rendimiento<\/li>\n<li>Asistente dental en el sill\u00f3n<\/li>\n<li>Inicio<\/li>\n<\/ul>\n<h4>Por qu\u00e9 afiliarse a la Mutualidad Francesa de Sa\u00f4ne-et-Loire SSAM :<\/h4>\n<ul>\n<li>Tendr\u00e1 un estatus de ejecutivo asalariado con: una atractiva remuneraci\u00f3n vinculada a la actividad,<br \/>vacaciones pagadas, cobertura de la formaci\u00f3n continua obligatoria, mutualidad de empresa, comit\u00e9 de empresa, cotizaciones al r\u00e9gimen de pensiones de la direcci\u00f3n, fondo de previsi\u00f3n,<\/li>\n<li>Alto grado de autonom\u00eda en el trabajo<\/li>\n<li>Una amplia base de pacientes existente<\/li>\n<li>35 horas<\/li>\n<\/ul>\n<p style=\"text-align: justify;\"><em>Una empresa se distingue por sus competencias, pero tambi\u00e9n por las personalidades que la componen. Como parte de nuestra pol\u00edtica de empleo, estamos firmemente comprometidos con la lucha contra toda forma de discriminaci\u00f3n. Por eso todos nuestros puestos est\u00e1n abiertos a personas con discapacidad.<\/em><\/p>\n<p style=\"text-align: justify;\">Reun\u00e1monos y exploremos juntos las condiciones para una colaboraci\u00f3n activa.<br \/>Para enviar su solicitud: <a href=\"mailto:recrutement@mutualite-71.fr\">recrutement@mutualite-71.fr<\/a><\/p>\n<p>[\/et_pb_blurb][\/et_pb_column][\/et_pb_row][\/et_pb_section][et_pb_section fb_built=\u00bb1&#8243; admin_label=\u00bbFacilities\u00bb _builder_version=\u00bb4.16&#8243; custom_padding=\u00bb30px|||||\u00bb locked=\u00bboff\u00bb global_colors_info=\u00bb{}\u00bb][et_pb_row _builder_version=\u00bb4.16&#8243; custom_margin=\u00bb0px||||false|false\u00bb custom_padding=\u00bb0px||||false|false\u00bb global_colors_info=\u00bb{}\u00bb][et_pb_column type=\u00bb4_4&#8243; _builder_version=\u00bb4.16&#8243; custom_padding=\u00bb50px||||false|false\u00bb custom_padding_tablet=\u00bb40px||\u00bb custom_padding_phone=\u00bb\u00bb custom_padding_last_edited=\u00bbon|tablet\u00bb global_colors_info=\u00bb{}\u00bb custom_padding__hover=\u00bb|||\u00bb][et_pb_text _builder_version=\u00bb4.17.0&#8243; header_font=\u00bb||||||||\u00bb header_2_font=\u00bb||||||||\u00bb header_2_text_color=\u00bb#002855&#8243; header_2_font_size=\u00bb50px\u00bb header_2_line_height=\u00bb1.2em\u00bb custom_margin=\u00bb0px||||false|false\u00bb custom_padding=\u00bb0px||||false|false\u00bb animation_style=\u00bbslide\u00bb animation_direction=\u00bbleft\u00bb header_2_font_size_tablet=\u00bb36px\u00bb header_2_font_size_phone=\u00bb28px\u00bb header_2_font_size_last_edited=\u00bbon|phone\u00bb header_2_letter_spacing_tablet=\u00bb0px\u00bb header_2_letter_spacing_phone=\u00bb0px\u00bb header_2_letter_spacing_last_edited=\u00bboff|tablet\u00bb locked=\u00bboff\u00bb global_colors_info=\u00bb{}\u00bb]<\/p>\n<h2>Solicite nuestras instalaciones dentales<\/h2>\n<h3>Asistentes dentales y secretarios m\u00e9dicos dentales<\/h3>\n<p>[\/et_pb_text][et_pb_text _builder_version=\u00bb4.17.4&#8243; header_font=\u00bb||||||||\u00bb header_2_font=\u00bb||||||||\u00bb header_2_text_color=\u00bb#002855&#8243; header_2_font_size=\u00bb50px\u00bb header_2_line_height=\u00bb1.2em\u00bb header_5_font_size=\u00bb20px\u00bb custom_margin=\u00bb0px||||false|false\u00bb custom_padding=\u00bb0px||||false|false\u00bb animation_style=\u00bbslide\u00bb animation_direction=\u00bbleft\u00bb header_2_font_size_tablet=\u00bb36px\u00bb header_2_font_size_phone=\u00bb28px\u00bb header_2_font_size_last_edited=\u00bbon|phone\u00bb header_2_letter_spacing_tablet=\u00bb0px\u00bb header_2_letter_spacing_phone=\u00bb0px\u00bb header_2_letter_spacing_last_edited=\u00bboff|tablet\u00bb locked=\u00bboff\u00bb global_colors_info=\u00bb{}\u00bb]<\/p>\n<h5 style=\"text-align: center;\">Estamos reclutando para nuestros centros dentales de Louhans, Charnay les M\u00e2con, Montceau-les-Mines<\/h5>\n<p>[\/et_pb_text][et_pb_blurb title=\u00bbAsistente dental cualificado (H\/M) &#8211; Contrato permanente\u00bb image=\u00bbhttps:\/\/dentairemutualiste71.fr\/wp-content\/uploads\/dental-bleu.png\u00bb icon_placement=\u00bbleft\u00bb image_icon_width=\u00bb90px\u00bb content_max_width=\u00bb800px\u00bb image_icon_width_tablet=\u00bb90px\u00bb image_icon_width_phone=\u00bb60px\u00bb image_icon_width_last_edited=\u00bbon|phone\u00bb _builder_version=\u00bb4.17.4&#8243; header_font=\u00bb||||||||\u00bb header_text_color=\u00bb#1b4965&#8243; header_font_size=\u00bb26px\u00bb body_font=\u00bb||||||||\u00bb body_line_height=\u00bb2em\u00bb body_link_text_color=\u00bb#1b4965&#8243; background_color=\u00bb#ffffff\u00bb background_color_gradient_direction=\u00bb-60deg\u00bb custom_margin=\u00bb||50px\u00bb custom_padding=\u00bb30px|30px|30px|30px|true|true\u00bb animation_style=\u00bbzoom\u00bb animation=\u00bboff\u00bb header_font_size_tablet=\u00bb\u00bb header_font_size_phone=\u00bb21px\u00bb header_font_size_last_edited=\u00bbon|phone\u00bb body_font_size_tablet=\u00bb\u00bb body_font_size_phone=\u00bb14px\u00bb body_font_size_last_edited=\u00bbon|phone\u00bb body_line_height_tablet=\u00bb\u00bb body_line_height_phone=\u00bb1.8em\u00bb body_line_height_last_edited=\u00bbon|phone\u00bb border_radii=\u00bbon|6px|6px|6px|6px\u00bb box_shadow_style=\u00bbpreset6&#8243; box_shadow_blur=\u00bb0px\u00bb box_shadow_spread=\u00bb2px\u00bb box_shadow_color=\u00bbrgba(0,0,0,0.1)\u00bb image_max_width=\u00bb90px\u00bb image_max_width_tablet=\u00bb\u00bb image_max_width_phone=\u00bb60px\u00bb image_max_width_last_edited=\u00bbon|phone\u00bb locked=\u00bboff\u00bb global_colors_info=\u00bb{}\u00bb transform_styles__hover_enabled=\u00bbon|hover\u00bb transform_scale__hover_enabled=\u00bbon|hover\u00bb transform_translate__hover_enabled=\u00bbon|desktop\u00bb transform_rotate__hover_enabled=\u00bbon|desktop\u00bb transform_skew__hover_enabled=\u00bbon|desktop\u00bb transform_origin__hover_enabled=\u00bbon|desktop\u00bb transform_scale__hover=\u00bb110%|110%\u00bb background__hover_enabled=\u00bbon|desktop\u00bb background_color_gradient_end__hover=\u00bb#cae9ff\u00bb use_background_color_gradient__hover=\u00bbon\u00bb background_color_gradient_start__hover=\u00bb#bee9e8&#8243; background_color_gradient_stops__hover=\u00bb#bee9e8 0%|#cae9ff 100%\u00bb]<\/p>\n<p style=\"text-align: justify;\">Como primera empresa privada sin \u00e1nimo de lucro del departamento, perteneciente a la Econom\u00eda Social y Solidaria del departamento, la Mutualidad Francesa SAONE ET LOIRE aporta soluciones adaptadas a las necesidades sanitarias de la poblaci\u00f3n, favoreciendo el acceso a servicios de asistencia y apoyo de calidad y de proximidad.<\/p>\n<p style=\"text-align: justify;\">La Mutualidad Francesa de Saona y Loira desarrolla servicios en los \u00e1mbitos de la discapacidad, la \u00f3ptica, los cuidados dentales y los aud\u00edfonos. Esta oferta forma parte de los 2.500 servicios nacionales de atenci\u00f3n y apoyo a los mutualistas.<\/p>\n<h4 style=\"text-align: center;\">Buscamos un ASISTENTE DENTAL cualificado (H\/M) para nuestros centros dentales.<\/h4>\n<p>&nbsp;<\/p>\n<h4>Las principales tareas ser\u00e1n<\/h4>\n<ul>\n<li>Asistir al profesional en la silla<\/li>\n<li>Preparar todos los materiales utilizados en odontolog\u00eda<\/li>\n<li>Conocer la indicaci\u00f3n y el uso de los instrumentos necesarios para los distintos procedimientos<br \/>\nde cirug\u00eda<\/li>\n<li>Completar las historias cl\u00ednicas seg\u00fan las indicaciones del profesional<\/li>\n<li>Preparar expedientes administrativos o m\u00e9dicos (incluyendo registros<br \/>\ninform\u00e1ticos)<\/li>\n<li>Coordinaci\u00f3n con los laboratorios prot\u00e9sicos, redacci\u00f3n de fichas<br \/>\nde trabajo, env\u00edo y aceptaci\u00f3n de trabajos<\/li>\n<li>Descontaminar, limpiar, esterilizar y almacenar los equipos<\/li>\n<li>Encargarse de las diversas tareas administrativas de un centro de salud<br \/>\ndental, comprar consumibles.<\/li>\n<li>Recepci\u00f3n telef\u00f3nica y f\u00edsica de los pacientes.<\/li>\n<\/ul>\n<h4>Perfil :<\/h4>\n<p><strong>Se requiere<\/strong> experiencia y diploma de asistente dental.<br \/>\n34 horas \/ 4 d\u00edas<br \/>\n<strong>Puesto de trabajo a cubrir inmediatamente.<\/strong><\/p>\n<p>Salario seg\u00fan convenio.<\/p>\n<p>\u00bfLe interesa esta oferta? Env\u00edenos su solicitud con su CV a <a href=\"mailto:recrutement@mutualite-71.fr\">recrutement@mutualite-71.fr<\/a>[\/et_pb_blurb][\/et_pb_column][\/et_pb_row][\/et_pb_section]<\/p>\n","protected":false},"excerpt":{"rendered":"<p>Nuestras ofertas de trabajoSolicite nuestras instalaciones dentales Cirujanos dentalesEstamos reclutando para nuestros centros dentales de Chalon-sur-Sa\u00f4ne, Gueugnon, Marcigny, Montret, M\u00e2con, Montceau-les-MinesComo primera empresa de econom\u00eda social del departamento, la Mutualidad Francesa SAONE ET LOIRE, con sus 400 empleados, da respuestas adecuadas a las necesidades sanitarias de la poblaci\u00f3n, promoviendo el acceso a servicios de asistencia [&hellip;]<\/p>\n","protected":false},"author":1,"featured_media":0,"parent":2377,"menu_order":0,"comment_status":"closed","ping_status":"closed","template":"","meta":{"_et_pb_use_builder":"on","_et_pb_old_content":"","_et_gb_content_width":"","footnotes":""},"class_list":["post-2436","page","type-page","status-publish","hentry"],"yoast_head":"<!-- This site is optimized with the Yoast SEO plugin v27.3 - https:\/\/yoast.com\/product\/yoast-seo-wordpress\/ -->\n<title>Nuestras ofertas de empleo - Mutualida dental francesa Sa\u00f4ne-et-Loire<\/title>\n<meta name=\"description\" content=\"Encuentre todas las ofertas de trabajo de la Mutualidad Francesa de Sa\u00f4ne-et-Loire - Cirujano dental, asistente - Dentista Sa\u00f4ne-et-Loire\" \/>\n<meta name=\"robots\" content=\"index, follow, max-snippet:-1, max-image-preview:large, max-video-preview:-1\" \/>\n<link rel=\"canonical\" href=\"https:\/\/dentairemutualiste71.fr\/es\/contratacion\/nuestras-ofertas\/\" \/>\n<meta property=\"og:locale\" content=\"es_ES\" \/>\n<meta property=\"og:type\" content=\"article\" \/>\n<meta property=\"og:title\" content=\"Nuestras ofertas de empleo - Mutualida dental francesa Sa\u00f4ne-et-Loire\" \/>\n<meta property=\"og:description\" content=\"Encuentre todas las ofertas de trabajo de la Mutualidad Francesa de Sa\u00f4ne-et-Loire - Cirujano dental, asistente - Dentista Sa\u00f4ne-et-Loire\" \/>\n<meta property=\"og:url\" content=\"https:\/\/dentairemutualiste71.fr\/es\/contratacion\/nuestras-ofertas\/\" \/>\n<meta property=\"og:site_name\" content=\"Mutualit\u00e9 Fran\u00e7aise de Sa\u00f4ne-et-Loire\" \/>\n<meta property=\"article:modified_time\" content=\"2022-07-21T14:27:02+00:00\" \/>\n<meta name=\"twitter:card\" content=\"summary_large_image\" \/>\n<meta name=\"twitter:label1\" content=\"Tiempo de lectura\" \/>\n\t<meta name=\"twitter:data1\" content=\"9 minutos\" \/>\n<script type=\"application\/ld+json\" class=\"yoast-schema-graph\">{\"@context\":\"https:\\\/\\\/schema.org\",\"@graph\":[{\"@type\":\"WebPage\",\"@id\":\"https:\\\/\\\/dentairemutualiste71.fr\\\/es\\\/contratacion\\\/nuestras-ofertas\\\/\",\"url\":\"https:\\\/\\\/dentairemutualiste71.fr\\\/es\\\/contratacion\\\/nuestras-ofertas\\\/\",\"name\":\"Nuestras ofertas de empleo - Mutualida dental francesa Sa\u00f4ne-et-Loire\",\"isPartOf\":{\"@id\":\"https:\\\/\\\/dentairemutualiste71.fr\\\/en\\\/#website\"},\"datePublished\":\"2021-07-26T13:43:23+00:00\",\"dateModified\":\"2022-07-21T14:27:02+00:00\",\"description\":\"Encuentre todas las ofertas de trabajo de la Mutualidad Francesa de Sa\u00f4ne-et-Loire - Cirujano dental, asistente - Dentista Sa\u00f4ne-et-Loire\",\"breadcrumb\":{\"@id\":\"https:\\\/\\\/dentairemutualiste71.fr\\\/es\\\/contratacion\\\/nuestras-ofertas\\\/#breadcrumb\"},\"inLanguage\":\"es\",\"potentialAction\":[{\"@type\":\"ReadAction\",\"target\":[\"https:\\\/\\\/dentairemutualiste71.fr\\\/es\\\/contratacion\\\/nuestras-ofertas\\\/\"]}]},{\"@type\":\"BreadcrumbList\",\"@id\":\"https:\\\/\\\/dentairemutualiste71.fr\\\/es\\\/contratacion\\\/nuestras-ofertas\\\/#breadcrumb\",\"itemListElement\":[{\"@type\":\"ListItem\",\"position\":1,\"name\":\"Accueil\",\"item\":\"https:\\\/\\\/dentairemutualiste71.fr\\\/es\\\/\"},{\"@type\":\"ListItem\",\"position\":2,\"name\":\"Contrataci\u00f3n\",\"item\":\"https:\\\/\\\/dentairemutualiste71.fr\\\/es\\\/contratacion\\\/\"},{\"@type\":\"ListItem\",\"position\":3,\"name\":\"Nuestras ofertas\"}]},{\"@type\":\"WebSite\",\"@id\":\"https:\\\/\\\/dentairemutualiste71.fr\\\/en\\\/#website\",\"url\":\"https:\\\/\\\/dentairemutualiste71.fr\\\/en\\\/\",\"name\":\"Mutualit\u00e9 Fran\u00e7aise de Sa\u00f4ne-et-Loire\",\"description\":\"\",\"potentialAction\":[{\"@type\":\"SearchAction\",\"target\":{\"@type\":\"EntryPoint\",\"urlTemplate\":\"https:\\\/\\\/dentairemutualiste71.fr\\\/en\\\/?s={search_term_string}\"},\"query-input\":{\"@type\":\"PropertyValueSpecification\",\"valueRequired\":true,\"valueName\":\"search_term_string\"}}],\"inLanguage\":\"es\"}]}<\/script>\n<!-- \/ Yoast SEO plugin. -->","yoast_head_json":{"title":"Nuestras ofertas de empleo - Mutualida dental francesa Sa\u00f4ne-et-Loire","description":"Encuentre todas las ofertas de trabajo de la Mutualidad Francesa de Sa\u00f4ne-et-Loire - Cirujano dental, asistente - Dentista Sa\u00f4ne-et-Loire","robots":{"index":"index","follow":"follow","max-snippet":"max-snippet:-1","max-image-preview":"max-image-preview:large","max-video-preview":"max-video-preview:-1"},"canonical":"https:\/\/dentairemutualiste71.fr\/es\/contratacion\/nuestras-ofertas\/","og_locale":"es_ES","og_type":"article","og_title":"Nuestras ofertas de empleo - Mutualida dental francesa Sa\u00f4ne-et-Loire","og_description":"Encuentre todas las ofertas de trabajo de la Mutualidad Francesa de Sa\u00f4ne-et-Loire - Cirujano dental, asistente - Dentista Sa\u00f4ne-et-Loire","og_url":"https:\/\/dentairemutualiste71.fr\/es\/contratacion\/nuestras-ofertas\/","og_site_name":"Mutualit\u00e9 Fran\u00e7aise de Sa\u00f4ne-et-Loire","article_modified_time":"2022-07-21T14:27:02+00:00","twitter_card":"summary_large_image","twitter_misc":{"Tiempo de lectura":"9 minutos"},"schema":{"@context":"https:\/\/schema.org","@graph":[{"@type":"WebPage","@id":"https:\/\/dentairemutualiste71.fr\/es\/contratacion\/nuestras-ofertas\/","url":"https:\/\/dentairemutualiste71.fr\/es\/contratacion\/nuestras-ofertas\/","name":"Nuestras ofertas de empleo - Mutualida dental francesa Sa\u00f4ne-et-Loire","isPartOf":{"@id":"https:\/\/dentairemutualiste71.fr\/en\/#website"},"datePublished":"2021-07-26T13:43:23+00:00","dateModified":"2022-07-21T14:27:02+00:00","description":"Encuentre todas las ofertas de trabajo de la Mutualidad Francesa de Sa\u00f4ne-et-Loire - Cirujano dental, asistente - Dentista Sa\u00f4ne-et-Loire","breadcrumb":{"@id":"https:\/\/dentairemutualiste71.fr\/es\/contratacion\/nuestras-ofertas\/#breadcrumb"},"inLanguage":"es","potentialAction":[{"@type":"ReadAction","target":["https:\/\/dentairemutualiste71.fr\/es\/contratacion\/nuestras-ofertas\/"]}]},{"@type":"BreadcrumbList","@id":"https:\/\/dentairemutualiste71.fr\/es\/contratacion\/nuestras-ofertas\/#breadcrumb","itemListElement":[{"@type":"ListItem","position":1,"name":"Accueil","item":"https:\/\/dentairemutualiste71.fr\/es\/"},{"@type":"ListItem","position":2,"name":"Contrataci\u00f3n","item":"https:\/\/dentairemutualiste71.fr\/es\/contratacion\/"},{"@type":"ListItem","position":3,"name":"Nuestras ofertas"}]},{"@type":"WebSite","@id":"https:\/\/dentairemutualiste71.fr\/en\/#website","url":"https:\/\/dentairemutualiste71.fr\/en\/","name":"Mutualit\u00e9 Fran\u00e7aise de Sa\u00f4ne-et-Loire","description":"","potentialAction":[{"@type":"SearchAction","target":{"@type":"EntryPoint","urlTemplate":"https:\/\/dentairemutualiste71.fr\/en\/?s={search_term_string}"},"query-input":{"@type":"PropertyValueSpecification","valueRequired":true,"valueName":"search_term_string"}}],"inLanguage":"es"}]}},"_links":{"self":[{"href":"https:\/\/dentairemutualiste71.fr\/es\/wp-json\/wp\/v2\/pages\/2436","targetHints":{"allow":["GET"]}}],"collection":[{"href":"https:\/\/dentairemutualiste71.fr\/es\/wp-json\/wp\/v2\/pages"}],"about":[{"href":"https:\/\/dentairemutualiste71.fr\/es\/wp-json\/wp\/v2\/types\/page"}],"author":[{"embeddable":true,"href":"https:\/\/dentairemutualiste71.fr\/es\/wp-json\/wp\/v2\/users\/1"}],"replies":[{"embeddable":true,"href":"https:\/\/dentairemutualiste71.fr\/es\/wp-json\/wp\/v2\/comments?post=2436"}],"version-history":[{"count":2,"href":"https:\/\/dentairemutualiste71.fr\/es\/wp-json\/wp\/v2\/pages\/2436\/revisions"}],"predecessor-version":[{"id":2438,"href":"https:\/\/dentairemutualiste71.fr\/es\/wp-json\/wp\/v2\/pages\/2436\/revisions\/2438"}],"up":[{"embeddable":true,"href":"https:\/\/dentairemutualiste71.fr\/es\/wp-json\/wp\/v2\/pages\/2377"}],"wp:attachment":[{"href":"https:\/\/dentairemutualiste71.fr\/es\/wp-json\/wp\/v2\/media?parent=2436"}],"curies":[{"name":"wp","href":"https:\/\/api.w.org\/{rel}","templated":true}]}}